{"id":7401,"date":"2021-08-17T13:12:33","date_gmt":"2021-08-17T16:12:33","guid":{"rendered":"https:\/\/phelcom.com\/?page_id=7401"},"modified":"2023-08-18T16:56:23","modified_gmt":"2023-08-18T19:56:23","slug":"lgpd","status":"publish","type":"page","link":"https:\/\/phelcom.com\/pt-br\/lgpd\/","title":{"rendered":"Privacidade de Dados"},"content":{"rendered":"<p>[et_pb_section fb_built=&#8221;1&#8243; _builder_version=&#8221;4.16&#8243; _module_preset=&#8221;default&#8221; global_colors_info=&#8221;{}&#8221;][et_pb_row _builder_version=&#8221;4.16&#8243; _module_preset=&#8221;default&#8221; global_colors_info=&#8221;{}&#8221;][et_pb_column type=&#8221;4_4&#8243; _builder_version=&#8221;4.16&#8243; _module_preset=&#8221;default&#8221; global_colors_info=&#8221;{}&#8221;][\/et_pb_column][\/et_pb_row][\/et_pb_section][et_pb_section fb_built=&#8221;1&#8243; _builder_version=&#8221;4.16&#8243; _module_preset=&#8221;default&#8221; global_colors_info=&#8221;{}&#8221;][et_pb_row column_structure=&#8221;2_5,3_5&#8243; make_equal=&#8221;on&#8221; _builder_version=&#8221;4.16&#8243; _module_preset=&#8221;default&#8221; width=&#8221;52%&#8221; global_colors_info=&#8221;{}&#8221;][et_pb_column type=&#8221;2_5&#8243; _builder_version=&#8221;4.16&#8243; _module_preset=&#8221;default&#8221; global_colors_info=&#8221;{}&#8221;][et_pb_image src=&#8221;https:\/\/phelcom.com\/wp-content\/uploads\/2021\/08\/imagem-0-1.png&#8221; title_text=&#8221;imagem 0&#8243; show_bottom_space=&#8221;off&#8221; _builder_version=&#8221;4.16&#8243; _module_preset=&#8221;default&#8221; width=&#8221;100%&#8221; custom_margin=&#8221;-52px||||false|false&#8221; custom_padding=&#8221;34px||0px||false|false&#8221; global_colors_info=&#8221;{}&#8221;][\/et_pb_image][\/et_pb_column][et_pb_column type=&#8221;3_5&#8243; _builder_version=&#8221;4.16&#8243; _module_preset=&#8221;default&#8221; global_colors_info=&#8221;{}&#8221;][et_pb_text _builder_version=&#8221;4.16&#8243; _module_preset=&#8221;default&#8221; text_text_color=&#8221;#000533&#8243; text_font_size=&#8221;19px&#8221; header_text_color=&#8221;#000533&#8243; text_orientation=&#8221;right&#8221; custom_margin=&#8221;0px||||false|false&#8221; custom_padding=&#8221;0px||||false|false&#8221; global_colors_info=&#8221;{}&#8221;]<\/p>\n<h1><strong><br \/>N\u00d3S RESPEITAMOS SEUS<br \/><\/strong><strong>DADOS E DOS SEUS <\/strong><strong>PACIENTES<\/strong><\/h1>\n<p>Seus dados est\u00e3o seguros conosco e s\u00e3o utilizados apenas para aperfei\u00e7oar a performance do equipamento e <br \/>Intelig\u00eancia Artificial.<\/p>\n<p>[\/et_pb_text][\/et_pb_column][\/et_pb_row][\/et_pb_section][et_pb_section fb_built=&#8221;1&#8243; _builder_version=&#8221;4.16&#8243; _module_preset=&#8221;default&#8221; background_color=&#8221;rgba(0,27,117,0.14)&#8221; global_colors_info=&#8221;{}&#8221;][et_pb_row column_structure=&#8221;3_5,2_5&#8243; _builder_version=&#8221;4.16&#8243; _module_preset=&#8221;default&#8221; global_colors_info=&#8221;{}&#8221;][et_pb_column type=&#8221;3_5&#8243; _builder_version=&#8221;4.16&#8243; _module_preset=&#8221;default&#8221; global_colors_info=&#8221;{}&#8221;][et_pb_text _builder_version=&#8221;4.16&#8243; _module_preset=&#8221;default&#8221; text_font_size=&#8221;19px&#8221; ul_text_color=&#8221;#000533&#8243; header_text_color=&#8221;#000533&#8243; custom_margin=&#8221;93px||||false|false&#8221; global_colors_info=&#8221;{}&#8221;]<\/p>\n<h1><strong>\u00c9 SEU DIREITO NOS PERGUNTAR<\/strong><\/h1>\n<ul>\n<li>Quais dados seus a Phelcom possui<\/li>\n<li>Qual a finalidade da necessidade de cada dado<\/li>\n<li>O nome das empresas com as quais os dados s\u00e3o compartilhados<\/li>\n<\/ul>\n<p>[\/et_pb_text][\/et_pb_column][et_pb_column type=&#8221;2_5&#8243; _builder_version=&#8221;4.16&#8243; _module_preset=&#8221;default&#8221; global_colors_info=&#8221;{}&#8221;][et_pb_image src=&#8221;https:\/\/phelcom.com\/wp-content\/uploads\/2021\/08\/Figura-1.png&#8221; title_text=&#8221;Figura 1&#8243; show_bottom_space=&#8221;off&#8221; _builder_version=&#8221;4.16&#8243; _module_preset=&#8221;default&#8221; global_colors_info=&#8221;{}&#8221;][\/et_pb_image][\/et_pb_column][\/et_pb_row][\/et_pb_section][et_pb_section fb_built=&#8221;1&#8243; _builder_version=&#8221;4.16&#8243; _module_preset=&#8221;default&#8221; global_colors_info=&#8221;{}&#8221;][et_pb_row _builder_version=&#8221;4.16&#8243; _module_preset=&#8221;default&#8221; global_colors_info=&#8221;{}&#8221;][et_pb_column type=&#8221;4_4&#8243; _builder_version=&#8221;4.16&#8243; _module_preset=&#8221;default&#8221; global_colors_info=&#8221;{}&#8221;][et_pb_text _builder_version=&#8221;4.16&#8243; _module_preset=&#8221;default&#8221; text_font_size=&#8221;19px&#8221; ul_text_color=&#8221;#000533&#8243; header_text_color=&#8221;#000533&#8243; global_colors_info=&#8221;{}&#8221;]<\/p>\n<h1><strong>\u00c9 SEU DIREITO TAMB\u00c9M<\/strong><\/h1>\n<ul>\n<li>Requerer a elimina\u00e7\u00e3o dos seus dados de nossa base<\/li>\n<li>Solicitar a corre\u00e7\u00e3o ou atualiza\u00e7\u00e3o dos seus dados pessoais<\/li>\n<li>Solicitar a portabilidade de seus dados pessoais<\/li>\n<li>Revogar o consentimento que voc\u00ea deu \u00e0 Phelcom para tratar seus dados pessoais<\/li>\n<\/ul>\n<p>[\/et_pb_text][\/et_pb_column][\/et_pb_row][\/et_pb_section][et_pb_section fb_built=&#8221;1&#8243; _builder_version=&#8221;4.16&#8243; _module_preset=&#8221;default&#8221; background_color=&#8221;rgba(0,27,117,0.14)&#8221; max_height=&#8221;1000px&#8221; global_colors_info=&#8221;{}&#8221;][et_pb_row _builder_version=&#8221;4.16&#8243; _module_preset=&#8221;default&#8221; global_colors_info=&#8221;{}&#8221;][et_pb_column type=&#8221;4_4&#8243; _builder_version=&#8221;4.16&#8243; _module_preset=&#8221;default&#8221; global_colors_info=&#8221;{}&#8221;][et_pb_image src=&#8221;https:\/\/phelcom.com\/wp-content\/uploads\/2021\/08\/Secure_1.png&#8221; title_text=&#8221;Secure_1&#8243; show_bottom_space=&#8221;off&#8221; align=&#8221;center&#8221; _builder_version=&#8221;4.16&#8243; _module_preset=&#8221;default&#8221; width=&#8221;14%&#8221; module_alignment=&#8221;center&#8221; max_height=&#8221;625px&#8221; custom_margin=&#8221;||-42px||false|false&#8221; custom_padding=&#8221;0px||||false|false&#8221; global_colors_info=&#8221;{}&#8221;][\/et_pb_image][\/et_pb_column][\/et_pb_row][et_pb_row _builder_version=&#8221;4.16&#8243; _module_preset=&#8221;default&#8221; global_colors_info=&#8221;{}&#8221;][et_pb_column type=&#8221;4_4&#8243; _builder_version=&#8221;4.16&#8243; _module_preset=&#8221;default&#8221; global_colors_info=&#8221;{}&#8221;][et_pb_cta title=&#8221;OS SEUS DADOS EST\u00c3O PROTEGIDOS COM AMAZON WEB SERVICES (AWS)&#8221; _builder_version=&#8221;4.16&#8243; _module_preset=&#8221;default&#8221; header_font=&#8221;|700|||||||&#8221; header_text_color=&#8221;#000533&#8243; body_text_color=&#8221;#000533&#8243; body_font_size=&#8221;19px&#8221; background_color=&#8221;rgba(96,108,153,0.36)&#8221; module_alignment=&#8221;center&#8221; border_radii=&#8221;off|30px|30px|30px|30px&#8221; global_colors_info=&#8221;{}&#8221;]<\/p>\n<p style=\"text-align: center;\">A Phelcom utiliza os sistemas de base de dados e de Cloud mais importantes e cred\u00edveis do mercado para garantir que os seus dados estejam criptografados e seguros.<\/p>\n<p>[\/et_pb_cta][\/et_pb_column][\/et_pb_row][\/et_pb_section][et_pb_section fb_built=&#8221;1&#8243; _builder_version=&#8221;4.16&#8243; _module_preset=&#8221;default&#8221; global_colors_info=&#8221;{}&#8221;][et_pb_row column_structure=&#8221;2_5,3_5&#8243; _builder_version=&#8221;4.16&#8243; _module_preset=&#8221;default&#8221; global_colors_info=&#8221;{}&#8221;][et_pb_column type=&#8221;2_5&#8243; _builder_version=&#8221;4.16&#8243; _module_preset=&#8221;default&#8221; global_colors_info=&#8221;{}&#8221;][et_pb_image src=&#8221;https:\/\/phelcom.com\/wp-content\/uploads\/2021\/08\/Imagem-2.png&#8221; title_text=&#8221;Imagem 2&#8243; _builder_version=&#8221;4.16&#8243; _module_preset=&#8221;default&#8221; width=&#8221;90%&#8221; global_colors_info=&#8221;{}&#8221;][\/et_pb_image][\/et_pb_column][et_pb_column type=&#8221;3_5&#8243; _builder_version=&#8221;4.16&#8243; _module_preset=&#8221;default&#8221; global_colors_info=&#8221;{}&#8221;][et_pb_text _builder_version=&#8221;4.16&#8243; _module_preset=&#8221;default&#8221; text_text_color=&#8221;#000533&#8243; text_font_size=&#8221;19px&#8221; custom_margin=&#8221;55px||||false|false&#8221; custom_padding=&#8221;36px||||false|false&#8221; global_colors_info=&#8221;{}&#8221;]<\/p>\n<p>Este \u00e9 o canal de comunica\u00e7\u00e3o da Phelcom Technologies com o departamento de Prote\u00e7\u00e3o de Dados. Se precisar falar conosco sobre qualquer quest\u00e3o relacionada aos seus dados pessoais, por favor, contate:<\/p>\n<p><a href=\"mailto:privacy@phelcom.com\">privacy@phelcom.com<\/a><br \/>+55 (16) 3413-3088<\/p>\n<p>[\/et_pb_text][\/et_pb_column][\/et_pb_row][\/et_pb_section][et_pb_section fb_built=&#8221;1&#8243; _builder_version=&#8221;4.16&#8243; _module_preset=&#8221;default&#8221; background_color=&#8221;rgba(0,27,117,0.14)&#8221; global_colors_info=&#8221;{}&#8221;][et_pb_row column_structure=&#8221;3_5,2_5&#8243; _builder_version=&#8221;4.16&#8243; _module_preset=&#8221;default&#8221; global_colors_info=&#8221;{}&#8221;][et_pb_column type=&#8221;3_5&#8243; _builder_version=&#8221;4.16&#8243; _module_preset=&#8221;default&#8221; global_colors_info=&#8221;{}&#8221;][et_pb_text _builder_version=&#8221;4.16&#8243; _module_preset=&#8221;default&#8221; text_text_color=&#8221;#000533&#8243; text_font_size=&#8221;19px&#8221; custom_padding=&#8221;34px||||false|false&#8221; global_colors_info=&#8221;{}&#8221;]<\/p>\n<p style=\"text-align: left;\">Ressaltamos que a Phelcom Technologies segue rigorosamente as normas de prote\u00e7\u00e3o de dados pessoais, e assumimos o compromisso de fazer o poss\u00edvel para esclarecer todas as d\u00favidas e solicita\u00e7\u00f5es sobre o assunto.<\/p>\n<p style=\"text-align: left;\">A Phelcom utiliza as melhores pr\u00e1ticas de seguran\u00e7a da informa\u00e7\u00e3o para proteger os seus dados pessoais, de acordo com a Lei Geral de Prote\u00e7\u00e3o de Dados (Lei 13:709\/18). N\u00f3s procuramos garantir a confidencialidade, a seguran\u00e7a e a integridade de seus Dados Pessoais, prevenindo a ocorr\u00eancia de eventuais incidentes.<\/p>\n<p>[\/et_pb_text][\/et_pb_column][et_pb_column type=&#8221;2_5&#8243; _builder_version=&#8221;4.16&#8243; _module_preset=&#8221;default&#8221; global_colors_info=&#8221;{}&#8221;][et_pb_image src=&#8221;https:\/\/phelcom.com\/wp-content\/uploads\/2021\/08\/Imagem-3.png&#8221; title_text=&#8221;Imagem 3&#8243; _builder_version=&#8221;4.16&#8243; _module_preset=&#8221;default&#8221; width=&#8221;85%&#8221; global_colors_info=&#8221;{}&#8221;][\/et_pb_image][\/et_pb_column][\/et_pb_row][\/et_pb_section][et_pb_section fb_built=&#8221;1&#8243; _builder_version=&#8221;4.16&#8243; _module_preset=&#8221;default&#8221; global_colors_info=&#8221;{}&#8221;][et_pb_row column_structure=&#8221;1_3,1_3,1_3&#8243; _builder_version=&#8221;4.16&#8243; _module_preset=&#8221;default&#8221; global_colors_info=&#8221;{}&#8221;][et_pb_column type=&#8221;1_3&#8243; _builder_version=&#8221;4.16&#8243; _module_preset=&#8221;default&#8221; global_colors_info=&#8221;{}&#8221;][et_pb_text _builder_version=&#8221;4.16&#8243; _module_preset=&#8221;default&#8221; text_text_color=&#8221;#000533&#8243; text_font_size=&#8221;19px&#8221; text_letter_spacing=&#8221;2px&#8221; text_orientation=&#8221;justified&#8221; global_colors_info=&#8221;{}&#8221;]<\/p>\n<p style=\"text-align: center;\">Clique ao lado e conhe\u00e7a a nossa Pol\u00edtica de Privacidade e Termos de Uso.<\/p>\n<p>[\/et_pb_text][\/et_pb_column][et_pb_column type=&#8221;1_3&#8243; _builder_version=&#8221;4.16&#8243; _module_preset=&#8221;default&#8221; global_colors_info=&#8221;{}&#8221;][et_pb_button button_url=&#8221;https:\/\/phelcom.com\/termos-de-uso\/&#8221; url_new_window=&#8221;on&#8221; button_text=&#8221;TERMOS DE USO&#8221; button_alignment=&#8221;center&#8221; _builder_version=&#8221;4.16.0&#8243; _module_preset=&#8221;default&#8221; custom_button=&#8221;on&#8221; button_text_color=&#8221;#ffffff&#8221; button_bg_color=&#8221;#000533&#8243; button_border_radius=&#8221;12px&#8221; hover_enabled=&#8221;0&#8243; global_colors_info=&#8221;{}&#8221; sticky_enabled=&#8221;0&#8243;][\/et_pb_button][\/et_pb_column][et_pb_column type=&#8221;1_3&#8243; _builder_version=&#8221;4.16&#8243; _module_preset=&#8221;default&#8221; global_colors_info=&#8221;{}&#8221;][et_pb_button button_url=&#8221;https:\/\/phelcom.com\/pt-br\/politica-de-privacidade\/&#8221; url_new_window=&#8221;on&#8221; button_text=&#8221;POL\u00cdTICA DE PRIVACIDADE&#8221; button_alignment=&#8221;center&#8221; _builder_version=&#8221;4.16.0&#8243; _module_preset=&#8221;default&#8221; custom_button=&#8221;on&#8221; button_text_color=&#8221;#FFFFFF&#8221; button_bg_color=&#8221;#000533&#8243; button_border_color=&#8221;RGBA(0,0,0,0)&#8221; button_border_radius=&#8221;16px&#8221; hover_enabled=&#8221;0&#8243; global_colors_info=&#8221;{}&#8221; sticky_enabled=&#8221;0&#8243;][\/et_pb_button][\/et_pb_column][\/et_pb_row][\/et_pb_section]<\/p>\n","protected":false},"excerpt":{"rendered":"<p>N\u00d3S RESPEITAMOS SEUSDADOS E DOS SEUS PACIENTES Seus dados est\u00e3o seguros conosco e s\u00e3o utilizados apenas para aperfei\u00e7oar a performance do equipamento e Intelig\u00eancia Artificial.\u00c9 SEU DIREITO NOS PERGUNTAR Quais dados seus a Phelcom possui Qual a finalidade da necessidade de cada dado O nome das empresas com as quais os dados s\u00e3o compartilhados \u00c9 [&hellip;]<\/p>\n","protected":false},"author":16,"featured_media":23441,"parent":0,"menu_order":0,"comment_status":"closed","ping_status":"closed","template":"","meta":{"_acf_changed":false,"_et_pb_use_builder":"on","_et_pb_old_content":"","_et_gb_content_width":"","footnotes":""},"class_list":["post-7401","page","type-page","status-publish","has-post-thumbnail","hentry"],"acf":[],"yoast_head":"<!-- This site is optimized with the Yoast SEO plugin v27.4 - https:\/\/yoast.com\/product\/yoast-seo-wordpress\/ -->\n<title>Privacidade de Dados - PHELCOM Technologies<\/title>\n<meta name=\"description\" content=\"Conhe\u00e7a a nossa Pol\u00edtica de Privacidade e Termos de Uso. A Phelcom respeita seus dados e dos seus pacientes.\" \/>\n<meta name=\"robots\" content=\"index, follow, max-snippet:-1, max-image-preview:large, max-video-preview:-1\" \/>\n<link rel=\"canonical\" href=\"https:\/\/phelcom.com\/pt-br\/lgpd\/\" \/>\n<meta property=\"og:locale\" content=\"pt_BR\" \/>\n<meta property=\"og:type\" content=\"article\" \/>\n<meta property=\"og:title\" content=\"Privacidade de Dados - PHELCOM Technologies\" \/>\n<meta property=\"og:description\" content=\"Conhe\u00e7a a nossa Pol\u00edtica de Privacidade e Termos de Uso. A Phelcom respeita seus dados e dos seus pacientes.\" \/>\n<meta property=\"og:url\" content=\"https:\/\/phelcom.com\/pt-br\/lgpd\/\" \/>\n<meta property=\"og:site_name\" content=\"PHELCOM Technologies\" \/>\n<meta property=\"article:publisher\" content=\"https:\/\/www.facebook.com\/phelcom\/\" \/>\n<meta property=\"article:modified_time\" content=\"2023-08-18T19:56:23+00:00\" \/>\n<meta property=\"og:image\" content=\"https:\/\/phelcom.com\/wp-content\/uploads\/2021\/08\/Imagem-3.png\" \/>\n\t<meta property=\"og:image:width\" content=\"2880\" \/>\n\t<meta property=\"og:image:height\" content=\"2160\" \/>\n\t<meta property=\"og:image:type\" content=\"image\/png\" \/>\n<meta name=\"twitter:card\" content=\"summary_large_image\" \/>\n<meta name=\"twitter:label1\" content=\"Est. tempo de leitura\" \/>\n\t<meta name=\"twitter:data1\" content=\"3 minutos\" \/>\n<script type=\"application\/ld+json\" class=\"yoast-schema-graph\">{\"@context\":\"https:\\\/\\\/schema.org\",\"@graph\":[{\"@type\":\"WebPage\",\"@id\":\"https:\\\/\\\/phelcom.com\\\/pt-br\\\/lgpd\\\/\",\"url\":\"https:\\\/\\\/phelcom.com\\\/pt-br\\\/lgpd\\\/\",\"name\":\"Privacidade de Dados - PHELCOM Technologies\",\"isPartOf\":{\"@id\":\"https:\\\/\\\/phelcom.com\\\/pt-br\\\/en\\\/#website\"},\"primaryImageOfPage\":{\"@id\":\"https:\\\/\\\/phelcom.com\\\/pt-br\\\/lgpd\\\/#primaryimage\"},\"image\":{\"@id\":\"https:\\\/\\\/phelcom.com\\\/pt-br\\\/lgpd\\\/#primaryimage\"},\"thumbnailUrl\":\"https:\\\/\\\/phelcom.com\\\/wp-content\\\/uploads\\\/2021\\\/08\\\/Imagem-3.png\",\"datePublished\":\"2021-08-17T16:12:33+00:00\",\"dateModified\":\"2023-08-18T19:56:23+00:00\",\"description\":\"Conhe\u00e7a a nossa Pol\u00edtica de Privacidade e Termos de Uso. A Phelcom respeita seus dados e dos seus pacientes.\",\"breadcrumb\":{\"@id\":\"https:\\\/\\\/phelcom.com\\\/pt-br\\\/lgpd\\\/#breadcrumb\"},\"inLanguage\":\"pt-BR\",\"potentialAction\":[{\"@type\":\"ReadAction\",\"target\":[\"https:\\\/\\\/phelcom.com\\\/pt-br\\\/lgpd\\\/\"]}]},{\"@type\":\"ImageObject\",\"inLanguage\":\"pt-BR\",\"@id\":\"https:\\\/\\\/phelcom.com\\\/pt-br\\\/lgpd\\\/#primaryimage\",\"url\":\"https:\\\/\\\/phelcom.com\\\/wp-content\\\/uploads\\\/2021\\\/08\\\/Imagem-3.png\",\"contentUrl\":\"https:\\\/\\\/phelcom.com\\\/wp-content\\\/uploads\\\/2021\\\/08\\\/Imagem-3.png\",\"width\":2880,\"height\":2160},{\"@type\":\"BreadcrumbList\",\"@id\":\"https:\\\/\\\/phelcom.com\\\/pt-br\\\/lgpd\\\/#breadcrumb\",\"itemListElement\":[{\"@type\":\"ListItem\",\"position\":1,\"name\":\"In\u00edcio\",\"item\":\"https:\\\/\\\/phelcom.com\\\/pt-br\\\/\"},{\"@type\":\"ListItem\",\"position\":2,\"name\":\"Privacidade de Dados\"}]},{\"@type\":\"WebSite\",\"@id\":\"https:\\\/\\\/phelcom.com\\\/pt-br\\\/en\\\/#website\",\"url\":\"https:\\\/\\\/phelcom.com\\\/pt-br\\\/en\\\/\",\"name\":\"PHELCOM Technologies\",\"description\":\"\",\"publisher\":{\"@id\":\"https:\\\/\\\/phelcom.com\\\/pt-br\\\/en\\\/#organization\"},\"potentialAction\":[{\"@type\":\"SearchAction\",\"target\":{\"@type\":\"EntryPoint\",\"urlTemplate\":\"https:\\\/\\\/phelcom.com\\\/pt-br\\\/en\\\/?s={search_term_string}\"},\"query-input\":{\"@type\":\"PropertyValueSpecification\",\"valueRequired\":true,\"valueName\":\"search_term_string\"}}],\"inLanguage\":\"pt-BR\"},{\"@type\":\"Organization\",\"@id\":\"https:\\\/\\\/phelcom.com\\\/pt-br\\\/en\\\/#organization\",\"name\":\"Phelcom\",\"url\":\"https:\\\/\\\/phelcom.com\\\/pt-br\\\/en\\\/\",\"logo\":{\"@type\":\"ImageObject\",\"inLanguage\":\"pt-BR\",\"@id\":\"https:\\\/\\\/phelcom.com\\\/pt-br\\\/en\\\/#\\\/schema\\\/logo\\\/image\\\/\",\"url\":\"https:\\\/\\\/phelcom.com\\\/wp-content\\\/uploads\\\/2018\\\/07\\\/color_horizontal.png\",\"contentUrl\":\"https:\\\/\\\/phelcom.com\\\/wp-content\\\/uploads\\\/2018\\\/07\\\/color_horizontal.png\",\"width\":245,\"height\":40,\"caption\":\"Phelcom\"},\"image\":{\"@id\":\"https:\\\/\\\/phelcom.com\\\/pt-br\\\/en\\\/#\\\/schema\\\/logo\\\/image\\\/\"},\"sameAs\":[\"https:\\\/\\\/www.facebook.com\\\/phelcom\\\/\",\"https:\\\/\\\/www.linkedin.com\\\/company\\\/phelcom-technologies\",\"https:\\\/\\\/www.youtube.com\\\/channel\\\/UCSZCLEV9ZrbGBie0R0IxQpA\"]}]}<\/script>\n<!-- \/ Yoast SEO plugin. -->","yoast_head_json":{"title":"Privacidade de Dados - PHELCOM Technologies","description":"Conhe\u00e7a a nossa Pol\u00edtica de Privacidade e Termos de Uso. A Phelcom respeita seus dados e dos seus pacientes.","robots":{"index":"index","follow":"follow","max-snippet":"max-snippet:-1","max-image-preview":"max-image-preview:large","max-video-preview":"max-video-preview:-1"},"canonical":"https:\/\/phelcom.com\/pt-br\/lgpd\/","og_locale":"pt_BR","og_type":"article","og_title":"Privacidade de Dados - PHELCOM Technologies","og_description":"Conhe\u00e7a a nossa Pol\u00edtica de Privacidade e Termos de Uso. A Phelcom respeita seus dados e dos seus pacientes.","og_url":"https:\/\/phelcom.com\/pt-br\/lgpd\/","og_site_name":"PHELCOM Technologies","article_publisher":"https:\/\/www.facebook.com\/phelcom\/","article_modified_time":"2023-08-18T19:56:23+00:00","og_image":[{"width":2880,"height":2160,"url":"https:\/\/phelcom.com\/wp-content\/uploads\/2021\/08\/Imagem-3.png","type":"image\/png"}],"twitter_card":"summary_large_image","twitter_misc":{"Est. tempo de leitura":"3 minutos"},"schema":{"@context":"https:\/\/schema.org","@graph":[{"@type":"WebPage","@id":"https:\/\/phelcom.com\/pt-br\/lgpd\/","url":"https:\/\/phelcom.com\/pt-br\/lgpd\/","name":"Privacidade de Dados - PHELCOM Technologies","isPartOf":{"@id":"https:\/\/phelcom.com\/pt-br\/en\/#website"},"primaryImageOfPage":{"@id":"https:\/\/phelcom.com\/pt-br\/lgpd\/#primaryimage"},"image":{"@id":"https:\/\/phelcom.com\/pt-br\/lgpd\/#primaryimage"},"thumbnailUrl":"https:\/\/phelcom.com\/wp-content\/uploads\/2021\/08\/Imagem-3.png","datePublished":"2021-08-17T16:12:33+00:00","dateModified":"2023-08-18T19:56:23+00:00","description":"Conhe\u00e7a a nossa Pol\u00edtica de Privacidade e Termos de Uso. A Phelcom respeita seus dados e dos seus pacientes.","breadcrumb":{"@id":"https:\/\/phelcom.com\/pt-br\/lgpd\/#breadcrumb"},"inLanguage":"pt-BR","potentialAction":[{"@type":"ReadAction","target":["https:\/\/phelcom.com\/pt-br\/lgpd\/"]}]},{"@type":"ImageObject","inLanguage":"pt-BR","@id":"https:\/\/phelcom.com\/pt-br\/lgpd\/#primaryimage","url":"https:\/\/phelcom.com\/wp-content\/uploads\/2021\/08\/Imagem-3.png","contentUrl":"https:\/\/phelcom.com\/wp-content\/uploads\/2021\/08\/Imagem-3.png","width":2880,"height":2160},{"@type":"BreadcrumbList","@id":"https:\/\/phelcom.com\/pt-br\/lgpd\/#breadcrumb","itemListElement":[{"@type":"ListItem","position":1,"name":"In\u00edcio","item":"https:\/\/phelcom.com\/pt-br\/"},{"@type":"ListItem","position":2,"name":"Privacidade de Dados"}]},{"@type":"WebSite","@id":"https:\/\/phelcom.com\/pt-br\/en\/#website","url":"https:\/\/phelcom.com\/pt-br\/en\/","name":"PHELCOM Technologies","description":"","publisher":{"@id":"https:\/\/phelcom.com\/pt-br\/en\/#organization"},"potentialAction":[{"@type":"SearchAction","target":{"@type":"EntryPoint","urlTemplate":"https:\/\/phelcom.com\/pt-br\/en\/?s={search_term_string}"},"query-input":{"@type":"PropertyValueSpecification","valueRequired":true,"valueName":"search_term_string"}}],"inLanguage":"pt-BR"},{"@type":"Organization","@id":"https:\/\/phelcom.com\/pt-br\/en\/#organization","name":"Phelcom","url":"https:\/\/phelcom.com\/pt-br\/en\/","logo":{"@type":"ImageObject","inLanguage":"pt-BR","@id":"https:\/\/phelcom.com\/pt-br\/en\/#\/schema\/logo\/image\/","url":"https:\/\/phelcom.com\/wp-content\/uploads\/2018\/07\/color_horizontal.png","contentUrl":"https:\/\/phelcom.com\/wp-content\/uploads\/2018\/07\/color_horizontal.png","width":245,"height":40,"caption":"Phelcom"},"image":{"@id":"https:\/\/phelcom.com\/pt-br\/en\/#\/schema\/logo\/image\/"},"sameAs":["https:\/\/www.facebook.com\/phelcom\/","https:\/\/www.linkedin.com\/company\/phelcom-technologies","https:\/\/www.youtube.com\/channel\/UCSZCLEV9ZrbGBie0R0IxQpA"]}]}},"_links":{"self":[{"href":"https:\/\/phelcom.com\/pt-br\/wp-json\/wp\/v2\/pages\/7401","targetHints":{"allow":["GET"]}}],"collection":[{"href":"https:\/\/phelcom.com\/pt-br\/wp-json\/wp\/v2\/pages"}],"about":[{"href":"https:\/\/phelcom.com\/pt-br\/wp-json\/wp\/v2\/types\/page"}],"author":[{"embeddable":true,"href":"https:\/\/phelcom.com\/pt-br\/wp-json\/wp\/v2\/users\/16"}],"replies":[{"embeddable":true,"href":"https:\/\/phelcom.com\/pt-br\/wp-json\/wp\/v2\/comments?post=7401"}],"version-history":[{"count":0,"href":"https:\/\/phelcom.com\/pt-br\/wp-json\/wp\/v2\/pages\/7401\/revisions"}],"wp:featuredmedia":[{"embeddable":true,"href":"https:\/\/phelcom.com\/pt-br\/wp-json\/wp\/v2\/media\/23441"}],"wp:attachment":[{"href":"https:\/\/phelcom.com\/pt-br\/wp-json\/wp\/v2\/media?parent=7401"}],"curies":[{"name":"wp","href":"https:\/\/api.w.org\/{rel}","templated":true}]}}