{"id":6388,"date":"2021-02-25T10:31:38","date_gmt":"2021-02-25T13:31:38","guid":{"rendered":"https:\/\/phelcom.com\/?page_id=6388"},"modified":"2024-04-18T09:02:51","modified_gmt":"2024-04-18T12:02:51","slug":"o-eyer-de-cara-nova","status":"publish","type":"page","link":"https:\/\/phelcom.com\/pt-br\/o-eyer-de-cara-nova\/","title":{"rendered":"Old &#8211; O Eyer de cara nova"},"content":{"rendered":"<p><span style=\"font-weight: 400;\">Ol\u00e1,<\/span><\/p>\n<p><span style=\"font-weight: 400;\">O Eyer est\u00e1 de cara nova! Vamos conhecer o que mudou?<\/span><\/p>\n<p><span style=\"font-weight: 400;\">Esta \u00e9 a tela inicial. Para acessar o aplicativo Eyer basta clicar no logotipo.<\/span><\/p>\n<p><a href=\"https:\/\/phelcom.com\/wp-content\/uploads\/2021\/02\/01.jpg\" data-lbwps-width=\"1000\" data-lbwps-height=\"974\" data-lbwps-srcsmall=\"https:\/\/phelcom.com\/wp-content\/uploads\/2021\/02\/01-300x292.jpg\"><img loading=\"lazy\" decoding=\"async\" class=\"size-full wp-image-6389 aligncenter\" src=\"https:\/\/phelcom.com\/wp-content\/uploads\/2021\/02\/01.jpg\" alt=\"\" width=\"1000\" height=\"974\" srcset=\"https:\/\/phelcom.com\/wp-content\/uploads\/2021\/02\/01.jpg 1000w, https:\/\/phelcom.com\/wp-content\/uploads\/2021\/02\/01-980x955.jpg 980w, https:\/\/phelcom.com\/wp-content\/uploads\/2021\/02\/01-480x468.jpg 480w\" sizes=\"(min-width: 0px) and (max-width: 480px) 480px, (min-width: 481px) and (max-width: 980px) 980px, (min-width: 981px) 1000px, 100vw\" \/><\/a><\/p>\n<p><span style=\"font-weight: 400;\">Para ir para a tela de aplicativos basta passar o dedo para esquerda na tela inicial.<\/span><\/p>\n<p><a href=\"https:\/\/phelcom.com\/wp-content\/uploads\/2021\/02\/02.jpg\" data-lbwps-width=\"1000\" data-lbwps-height=\"962\" data-lbwps-srcsmall=\"https:\/\/phelcom.com\/wp-content\/uploads\/2021\/02\/02-300x289.jpg\"><img loading=\"lazy\" decoding=\"async\" class=\"size-full wp-image-6390 aligncenter\" src=\"https:\/\/phelcom.com\/wp-content\/uploads\/2021\/02\/02.jpg\" alt=\"\" width=\"1000\" height=\"962\" srcset=\"https:\/\/phelcom.com\/wp-content\/uploads\/2021\/02\/02.jpg 1000w, https:\/\/phelcom.com\/wp-content\/uploads\/2021\/02\/02-980x943.jpg 980w, https:\/\/phelcom.com\/wp-content\/uploads\/2021\/02\/02-480x462.jpg 480w\" sizes=\"(min-width: 0px) and (max-width: 480px) 480px, (min-width: 481px) and (max-width: 980px) 980px, (min-width: 981px) 1000px, 100vw\" \/><\/a><\/p>\n<p><span style=\"font-weight: 400;\">Nesta tela voc\u00ea tamb\u00e9m encontra o Eyer, e o QuickSupport, utilizado para os acessos remotos quando realizamos assist\u00eancia.\u00a0<\/span><\/p>\n<p>&nbsp;<\/p>\n<p><span style=\"font-weight: 400;\">Arrastando o dedo para a direita na tela inicial voc\u00ea vai para a \u00faltima tela <\/span><span style=\"font-weight: 400;\">onde \u00e9 poss\u00edvel solicitar atualiza\u00e7\u00f5es e instalar impressoras.<\/span><\/p>\n<p><a href=\"https:\/\/phelcom.com\/wp-content\/uploads\/2021\/02\/03.jpg\" data-lbwps-width=\"1000\" data-lbwps-height=\"974\" data-lbwps-srcsmall=\"https:\/\/phelcom.com\/wp-content\/uploads\/2021\/02\/03-300x292.jpg\"><img loading=\"lazy\" decoding=\"async\" class=\"size-full wp-image-6391 aligncenter\" src=\"https:\/\/phelcom.com\/wp-content\/uploads\/2021\/02\/03.jpg\" alt=\"\" width=\"1000\" height=\"974\" srcset=\"https:\/\/phelcom.com\/wp-content\/uploads\/2021\/02\/03.jpg 1000w, https:\/\/phelcom.com\/wp-content\/uploads\/2021\/02\/03-980x955.jpg 980w, https:\/\/phelcom.com\/wp-content\/uploads\/2021\/02\/03-480x468.jpg 480w\" sizes=\"(min-width: 0px) and (max-width: 480px) 480px, (min-width: 481px) and (max-width: 980px) 980px, (min-width: 981px) 1000px, 100vw\" \/><\/a><\/p>\n<p>D\u00favidas? \u00c9 s\u00f3 entrar em contato:<br \/>\nRodrigo Cabrera<br \/>\nSuporte Phelcom<br \/>\n<a href=\"https:\/\/api.whatsapp.com\/send?phone=5516997142050\">(16) 99714-2050<\/a><\/p>\n<p>&nbsp;<\/p>\n<p>&nbsp;<\/p>\n","protected":false},"excerpt":{"rendered":"<p>Ol\u00e1, O Eyer est\u00e1 de cara nova! Vamos conhecer o que mudou? Esta \u00e9 a tela inicial. Para acessar o aplicativo Eyer basta clicar no logotipo. Para ir para a tela de aplicativos basta passar o dedo para esquerda na tela inicial. Nesta tela voc\u00ea tamb\u00e9m encontra o Eyer, e o QuickSupport, utilizado para os [&hellip;]<\/p>\n","protected":false},"author":8,"featured_media":0,"parent":0,"menu_order":0,"comment_status":"closed","ping_status":"closed","template":"","meta":{"_acf_changed":false,"_et_pb_use_builder":"","_et_pb_old_content":"","_et_gb_content_width":"","footnotes":""},"class_list":["post-6388","page","type-page","status-publish","hentry"],"acf":[],"yoast_head":"<!-- This site is optimized with the Yoast SEO plugin v27.5 - https:\/\/yoast.com\/product\/yoast-seo-wordpress\/ -->\n<title>Old - O Eyer de cara nova - PHELCOM Technologies<\/title>\n<meta name=\"robots\" content=\"index, follow, max-snippet:-1, max-image-preview:large, max-video-preview:-1\" \/>\n<link rel=\"canonical\" href=\"https:\/\/phelcom.com\/pt-br\/o-eyer-de-cara-nova\/\" \/>\n<meta property=\"og:locale\" content=\"pt_BR\" \/>\n<meta property=\"og:type\" content=\"article\" \/>\n<meta property=\"og:title\" content=\"Old - O Eyer de cara nova - PHELCOM Technologies\" \/>\n<meta property=\"og:description\" content=\"Ol\u00e1, O Eyer est\u00e1 de cara nova! Vamos conhecer o que mudou? Esta \u00e9 a tela inicial. Para acessar o aplicativo Eyer basta clicar no logotipo. Para ir para a tela de aplicativos basta passar o dedo para esquerda na tela inicial. Nesta tela voc\u00ea tamb\u00e9m encontra o Eyer, e o QuickSupport, utilizado para os [&hellip;]\" \/>\n<meta property=\"og:url\" content=\"https:\/\/phelcom.com\/pt-br\/o-eyer-de-cara-nova\/\" \/>\n<meta property=\"og:site_name\" content=\"PHELCOM Technologies\" \/>\n<meta property=\"article:publisher\" content=\"https:\/\/www.facebook.com\/phelcom\/\" \/>\n<meta property=\"article:modified_time\" content=\"2024-04-18T12:02:51+00:00\" \/>\n<meta property=\"og:image\" content=\"https:\/\/phelcom.com\/wp-content\/uploads\/2021\/02\/01.jpg\" \/>\n<meta name=\"twitter:card\" content=\"summary_large_image\" \/>\n<meta name=\"twitter:label1\" content=\"Est. tempo de leitura\" \/>\n\t<meta name=\"twitter:data1\" content=\"2 minutos\" \/>\n<script type=\"application\/ld+json\" class=\"yoast-schema-graph\">{\"@context\":\"https:\\\/\\\/schema.org\",\"@graph\":[{\"@type\":\"WebPage\",\"@id\":\"https:\\\/\\\/phelcom.com\\\/pt-br\\\/o-eyer-de-cara-nova\\\/\",\"url\":\"https:\\\/\\\/phelcom.com\\\/pt-br\\\/o-eyer-de-cara-nova\\\/\",\"name\":\"Old - O Eyer de cara nova - PHELCOM Technologies\",\"isPartOf\":{\"@id\":\"https:\\\/\\\/phelcom.com\\\/pt-br\\\/en\\\/#website\"},\"primaryImageOfPage\":{\"@id\":\"https:\\\/\\\/phelcom.com\\\/pt-br\\\/o-eyer-de-cara-nova\\\/#primaryimage\"},\"image\":{\"@id\":\"https:\\\/\\\/phelcom.com\\\/pt-br\\\/o-eyer-de-cara-nova\\\/#primaryimage\"},\"thumbnailUrl\":\"https:\\\/\\\/phelcom.com\\\/wp-content\\\/uploads\\\/2021\\\/02\\\/01.jpg\",\"datePublished\":\"2021-02-25T13:31:38+00:00\",\"dateModified\":\"2024-04-18T12:02:51+00:00\",\"breadcrumb\":{\"@id\":\"https:\\\/\\\/phelcom.com\\\/pt-br\\\/o-eyer-de-cara-nova\\\/#breadcrumb\"},\"inLanguage\":\"pt-BR\",\"potentialAction\":[{\"@type\":\"ReadAction\",\"target\":[\"https:\\\/\\\/phelcom.com\\\/pt-br\\\/o-eyer-de-cara-nova\\\/\"]}]},{\"@type\":\"ImageObject\",\"inLanguage\":\"pt-BR\",\"@id\":\"https:\\\/\\\/phelcom.com\\\/pt-br\\\/o-eyer-de-cara-nova\\\/#primaryimage\",\"url\":\"https:\\\/\\\/phelcom.com\\\/wp-content\\\/uploads\\\/2021\\\/02\\\/01.jpg\",\"contentUrl\":\"https:\\\/\\\/phelcom.com\\\/wp-content\\\/uploads\\\/2021\\\/02\\\/01.jpg\"},{\"@type\":\"BreadcrumbList\",\"@id\":\"https:\\\/\\\/phelcom.com\\\/pt-br\\\/o-eyer-de-cara-nova\\\/#breadcrumb\",\"itemListElement\":[{\"@type\":\"ListItem\",\"position\":1,\"name\":\"In\u00edcio\",\"item\":\"https:\\\/\\\/phelcom.com\\\/pt-br\\\/\"},{\"@type\":\"ListItem\",\"position\":2,\"name\":\"Old &#8211; O Eyer de cara nova\"}]},{\"@type\":\"WebSite\",\"@id\":\"https:\\\/\\\/phelcom.com\\\/pt-br\\\/en\\\/#website\",\"url\":\"https:\\\/\\\/phelcom.com\\\/pt-br\\\/en\\\/\",\"name\":\"PHELCOM Technologies\",\"description\":\"\",\"publisher\":{\"@id\":\"https:\\\/\\\/phelcom.com\\\/pt-br\\\/en\\\/#organization\"},\"potentialAction\":[{\"@type\":\"SearchAction\",\"target\":{\"@type\":\"EntryPoint\",\"urlTemplate\":\"https:\\\/\\\/phelcom.com\\\/pt-br\\\/en\\\/?s={search_term_string}\"},\"query-input\":{\"@type\":\"PropertyValueSpecification\",\"valueRequired\":true,\"valueName\":\"search_term_string\"}}],\"inLanguage\":\"pt-BR\"},{\"@type\":\"Organization\",\"@id\":\"https:\\\/\\\/phelcom.com\\\/pt-br\\\/en\\\/#organization\",\"name\":\"Phelcom\",\"url\":\"https:\\\/\\\/phelcom.com\\\/pt-br\\\/en\\\/\",\"logo\":{\"@type\":\"ImageObject\",\"inLanguage\":\"pt-BR\",\"@id\":\"https:\\\/\\\/phelcom.com\\\/pt-br\\\/en\\\/#\\\/schema\\\/logo\\\/image\\\/\",\"url\":\"https:\\\/\\\/phelcom.com\\\/wp-content\\\/uploads\\\/2018\\\/07\\\/color_horizontal.png\",\"contentUrl\":\"https:\\\/\\\/phelcom.com\\\/wp-content\\\/uploads\\\/2018\\\/07\\\/color_horizontal.png\",\"width\":245,\"height\":40,\"caption\":\"Phelcom\"},\"image\":{\"@id\":\"https:\\\/\\\/phelcom.com\\\/pt-br\\\/en\\\/#\\\/schema\\\/logo\\\/image\\\/\"},\"sameAs\":[\"https:\\\/\\\/www.facebook.com\\\/phelcom\\\/\",\"https:\\\/\\\/www.linkedin.com\\\/company\\\/phelcom-technologies\",\"https:\\\/\\\/www.youtube.com\\\/channel\\\/UCSZCLEV9ZrbGBie0R0IxQpA\"]}]}<\/script>\n<!-- \/ Yoast SEO plugin. -->","yoast_head_json":{"title":"Old - O Eyer de cara nova - PHELCOM Technologies","robots":{"index":"index","follow":"follow","max-snippet":"max-snippet:-1","max-image-preview":"max-image-preview:large","max-video-preview":"max-video-preview:-1"},"canonical":"https:\/\/phelcom.com\/pt-br\/o-eyer-de-cara-nova\/","og_locale":"pt_BR","og_type":"article","og_title":"Old - O Eyer de cara nova - PHELCOM Technologies","og_description":"Ol\u00e1, O Eyer est\u00e1 de cara nova! Vamos conhecer o que mudou? Esta \u00e9 a tela inicial. Para acessar o aplicativo Eyer basta clicar no logotipo. Para ir para a tela de aplicativos basta passar o dedo para esquerda na tela inicial. Nesta tela voc\u00ea tamb\u00e9m encontra o Eyer, e o QuickSupport, utilizado para os [&hellip;]","og_url":"https:\/\/phelcom.com\/pt-br\/o-eyer-de-cara-nova\/","og_site_name":"PHELCOM Technologies","article_publisher":"https:\/\/www.facebook.com\/phelcom\/","article_modified_time":"2024-04-18T12:02:51+00:00","og_image":[{"url":"https:\/\/phelcom.com\/wp-content\/uploads\/2021\/02\/01.jpg","type":"","width":"","height":""}],"twitter_card":"summary_large_image","twitter_misc":{"Est. tempo de leitura":"2 minutos"},"schema":{"@context":"https:\/\/schema.org","@graph":[{"@type":"WebPage","@id":"https:\/\/phelcom.com\/pt-br\/o-eyer-de-cara-nova\/","url":"https:\/\/phelcom.com\/pt-br\/o-eyer-de-cara-nova\/","name":"Old - O Eyer de cara nova - PHELCOM Technologies","isPartOf":{"@id":"https:\/\/phelcom.com\/pt-br\/en\/#website"},"primaryImageOfPage":{"@id":"https:\/\/phelcom.com\/pt-br\/o-eyer-de-cara-nova\/#primaryimage"},"image":{"@id":"https:\/\/phelcom.com\/pt-br\/o-eyer-de-cara-nova\/#primaryimage"},"thumbnailUrl":"https:\/\/phelcom.com\/wp-content\/uploads\/2021\/02\/01.jpg","datePublished":"2021-02-25T13:31:38+00:00","dateModified":"2024-04-18T12:02:51+00:00","breadcrumb":{"@id":"https:\/\/phelcom.com\/pt-br\/o-eyer-de-cara-nova\/#breadcrumb"},"inLanguage":"pt-BR","potentialAction":[{"@type":"ReadAction","target":["https:\/\/phelcom.com\/pt-br\/o-eyer-de-cara-nova\/"]}]},{"@type":"ImageObject","inLanguage":"pt-BR","@id":"https:\/\/phelcom.com\/pt-br\/o-eyer-de-cara-nova\/#primaryimage","url":"https:\/\/phelcom.com\/wp-content\/uploads\/2021\/02\/01.jpg","contentUrl":"https:\/\/phelcom.com\/wp-content\/uploads\/2021\/02\/01.jpg"},{"@type":"BreadcrumbList","@id":"https:\/\/phelcom.com\/pt-br\/o-eyer-de-cara-nova\/#breadcrumb","itemListElement":[{"@type":"ListItem","position":1,"name":"In\u00edcio","item":"https:\/\/phelcom.com\/pt-br\/"},{"@type":"ListItem","position":2,"name":"Old &#8211; O Eyer de cara nova"}]},{"@type":"WebSite","@id":"https:\/\/phelcom.com\/pt-br\/en\/#website","url":"https:\/\/phelcom.com\/pt-br\/en\/","name":"PHELCOM Technologies","description":"","publisher":{"@id":"https:\/\/phelcom.com\/pt-br\/en\/#organization"},"potentialAction":[{"@type":"SearchAction","target":{"@type":"EntryPoint","urlTemplate":"https:\/\/phelcom.com\/pt-br\/en\/?s={search_term_string}"},"query-input":{"@type":"PropertyValueSpecification","valueRequired":true,"valueName":"search_term_string"}}],"inLanguage":"pt-BR"},{"@type":"Organization","@id":"https:\/\/phelcom.com\/pt-br\/en\/#organization","name":"Phelcom","url":"https:\/\/phelcom.com\/pt-br\/en\/","logo":{"@type":"ImageObject","inLanguage":"pt-BR","@id":"https:\/\/phelcom.com\/pt-br\/en\/#\/schema\/logo\/image\/","url":"https:\/\/phelcom.com\/wp-content\/uploads\/2018\/07\/color_horizontal.png","contentUrl":"https:\/\/phelcom.com\/wp-content\/uploads\/2018\/07\/color_horizontal.png","width":245,"height":40,"caption":"Phelcom"},"image":{"@id":"https:\/\/phelcom.com\/pt-br\/en\/#\/schema\/logo\/image\/"},"sameAs":["https:\/\/www.facebook.com\/phelcom\/","https:\/\/www.linkedin.com\/company\/phelcom-technologies","https:\/\/www.youtube.com\/channel\/UCSZCLEV9ZrbGBie0R0IxQpA"]}]}},"_links":{"self":[{"href":"https:\/\/phelcom.com\/pt-br\/wp-json\/wp\/v2\/pages\/6388","targetHints":{"allow":["GET"]}}],"collection":[{"href":"https:\/\/phelcom.com\/pt-br\/wp-json\/wp\/v2\/pages"}],"about":[{"href":"https:\/\/phelcom.com\/pt-br\/wp-json\/wp\/v2\/types\/page"}],"author":[{"embeddable":true,"href":"https:\/\/phelcom.com\/pt-br\/wp-json\/wp\/v2\/users\/8"}],"replies":[{"embeddable":true,"href":"https:\/\/phelcom.com\/pt-br\/wp-json\/wp\/v2\/comments?post=6388"}],"version-history":[{"count":0,"href":"https:\/\/phelcom.com\/pt-br\/wp-json\/wp\/v2\/pages\/6388\/revisions"}],"wp:attachment":[{"href":"https:\/\/phelcom.com\/pt-br\/wp-json\/wp\/v2\/media?parent=6388"}],"curies":[{"name":"wp","href":"https:\/\/api.w.org\/{rel}","templated":true}]}}