{"id":43524,"date":"2025-07-18T16:09:33","date_gmt":"2025-07-18T19:09:33","guid":{"rendered":"https:\/\/phelcom.com\/?page_id=43524"},"modified":"2025-08-27T11:35:08","modified_gmt":"2025-08-27T14:35:08","slug":"confirmacao","status":"publish","type":"page","link":"https:\/\/phelcom.com\/pt-br\/confirmacao\/","title":{"rendered":"Confirma\u00e7\u00e3o"},"content":{"rendered":"<p>[et_pb_section fb_built=&#8221;1&#8243; _builder_version=&#8221;4.27.4&#8243; _module_preset=&#8221;default&#8221; hover_enabled=&#8221;0&#8243; global_colors_info=&#8221;{}&#8221; sticky_enabled=&#8221;0&#8243; custom_css_main_element=&#8221;display:flex;||flex-direction:row;||min-height:90vh;&#8221; module_alignment=&#8221;center&#8221; custom_padding=&#8221;0px||0px||true|true&#8221; custom_css_main_element_last_edited=&#8221;on|phone&#8221; custom_css_main_element_phone=&#8221;display:flex;||flex-direction:column;||min-height:90vh;&#8221; custom_padding_last_edited=&#8221;on|phone&#8221; custom_padding_phone=&#8221;0px|0px|0px|0px|true|true&#8221; locked=&#8221;off&#8221; custom_css_main_element_tablet=&#8221;display:flex;||flex-direction:row;||min-height:90vh;&#8221; custom_padding_tablet=&#8221;0px||0px||true|true&#8221;][et_pb_row _builder_version=&#8221;4.27.4&#8243; _module_preset=&#8221;default&#8221; module_alignment=&#8221;center&#8221; hover_enabled=&#8221;0&#8243; custom_css_main_element=&#8221;flex: 1;||margin: 0 !important;&#8221; global_colors_info=&#8221;{}&#8221; alt=&#8221;Img 0239&#8243; title_text=&#8221;Img 0239&#8243; background_image=&#8221;https:\/\/phelcom.com\/wp-content\/uploads\/2025\/08\/IMG_0239.jpeg&#8221; make_equal=&#8221;on&#8221; sticky_enabled=&#8221;0&#8243; custom_margin_last_edited=&#8221;on|phone&#8221; custom_margin_phone=&#8221;|0px||0px|false|true&#8221; width_last_edited=&#8221;on|phone&#8221; width_phone=&#8221;100%&#8221;][et_pb_column type=&#8221;4_4&#8243; _builder_version=&#8221;4.27.4&#8243; _module_preset=&#8221;default&#8221; global_colors_info=&#8221;{}&#8221;][\/et_pb_column][\/et_pb_row][et_pb_row _builder_version=&#8221;4.27.4&#8243; _module_preset=&#8221;default&#8221; module_alignment=&#8221;center&#8221; hover_enabled=&#8221;0&#8243; custom_css_main_element=&#8221;max-width:700px !important;&#8221; global_colors_info=&#8221;{}&#8221; custom_padding=&#8221;|50px||50px|false|true&#8221; sticky_enabled=&#8221;0&#8243; custom_padding_last_edited=&#8221;on|phone&#8221; custom_padding_phone=&#8221;|0px||0px|false|true&#8221; custom_padding_tablet=&#8221;|50px||50px|false|true&#8221;][et_pb_column type=&#8221;4_4&#8243; _builder_version=&#8221;4.27.4&#8243; _module_preset=&#8221;default&#8221; global_colors_info=&#8221;{}&#8221;][et_pb_image src=&#8221;https:\/\/phelcom.com\/wp-content\/uploads\/2022\/05\/ico_form_success.svg&#8221; title_text=&#8221;ico_form_success&#8221; align=&#8221;center&#8221; _builder_version=&#8221;4.27.4&#8243; _module_preset=&#8221;default&#8221; global_colors_info=&#8221;{}&#8221;][\/et_pb_image][et_pb_text _builder_version=&#8221;4.27.4&#8243; _module_preset=&#8221;default&#8221; header_font_size=&#8221;36px&#8221; text_orientation=&#8221;center&#8221; hover_enabled=&#8221;0&#8243; global_colors_info=&#8221;{}&#8221; sticky_enabled=&#8221;0&#8243;]<\/p>\n<h1>Contato registrado com sucesso<\/h1>\n<p>[\/et_pb_text][et_pb_text _builder_version=&#8221;4.27.4&#8243; _module_preset=&#8221;default&#8221; header_3_line_height=&#8221;130%&#8221; text_orientation=&#8221;center&#8221; hover_enabled=&#8221;0&#8243; global_colors_info=&#8221;{}&#8221; sticky_enabled=&#8221;0&#8243;]<\/p>\n<h3><span>Nossa equipe entrar\u00e1 em contato com voc\u00ea em breve. Enquanto isso, confira as \u00faltimas novidades da Phelcom:<\/span><\/h3>\n<p>[\/et_pb_text][et_pb_text module_class=&#8221;button&#8221; _builder_version=&#8221;4.27.4&#8243; _module_preset=&#8221;b17a4b6d-4c20-461a-a7ef-ba79eb4f8f73&#8243; link_option_url=&#8221;https:\/\/phelcom.com\/pt-br\/blog\/&#8221; hover_enabled=&#8221;0&#8243; global_colors_info=&#8221;{}&#8221; sticky_enabled=&#8221;0&#8243;]<\/p>\n<p><span>LER NOT\u00cdCIAS<\/span><\/p>\n<p>[\/et_pb_text][\/et_pb_column][\/et_pb_row][et_pb_row _builder_version=&#8221;4.27.4&#8243; _module_preset=&#8221;default&#8221; module_alignment=&#8221;center&#8221; hover_enabled=&#8221;0&#8243; custom_css_main_element=&#8221;max-width:700px !important;||display:none;&#8221; global_colors_info=&#8221;{}&#8221; sticky_enabled=&#8221;0&#8243;][et_pb_column type=&#8221;4_4&#8243; _builder_version=&#8221;4.27.4&#8243; _module_preset=&#8221;default&#8221; global_colors_info=&#8221;{}&#8221;][et_pb_text _builder_version=&#8221;4.27.4&#8243; _module_preset=&#8221;default&#8221; header_font_size=&#8221;36px&#8221; text_orientation=&#8221;center&#8221; global_colors_info=&#8221;{}&#8221;]<\/p>\n<h1>Confirme o interesse <span class=\"firstname\"><\/span><\/h1>\n<p>[\/et_pb_text][et_pb_text _builder_version=&#8221;4.27.4&#8243; _module_preset=&#8221;default&#8221; header_3_line_height=&#8221;130%&#8221; text_orientation=&#8221;center&#8221; global_colors_info=&#8221;{}&#8221;]<\/p>\n<h3><span>Por favor, clique no bot\u00e3o abaixo para confirmar o interesse.<\/span><\/h3>\n<p>[\/et_pb_text][et_pb_text _builder_version=&#8221;4.27.4&#8243; _module_preset=&#8221;default&#8221; header_3_line_height=&#8221;130%&#8221; text_orientation=&#8221;center&#8221; global_colors_info=&#8221;{}&#8221;]\n<div class=\"wpcf7 no-js\" id=\"wpcf7-f43546-o1\" lang=\"pt-BR\" dir=\"ltr\" data-wpcf7-id=\"43546\">\n<div class=\"screen-reader-response\"><p role=\"status\" aria-live=\"polite\" aria-atomic=\"true\"><\/p> <ul><\/ul><\/div>\n<form action=\"\/pt-br\/wp-json\/wp\/v2\/pages\/43524#wpcf7-f43546-o1\" method=\"post\" class=\"wpcf7-form init\" aria-label=\"Formul\u00e1rios de contato\" novalidate=\"novalidate\" data-status=\"init\">\n<fieldset class=\"hidden-fields-container\"><input type=\"hidden\" name=\"_wpcf7\" value=\"43546\" \/><input type=\"hidden\" name=\"_wpcf7_version\" value=\"6.1.5\" \/><input type=\"hidden\" name=\"_wpcf7_locale\" value=\"pt_BR\" \/><input type=\"hidden\" name=\"_wpcf7_unit_tag\" value=\"wpcf7-f43546-o1\" \/><input type=\"hidden\" name=\"_wpcf7_container_post\" value=\"0\" \/><input type=\"hidden\" name=\"_wpcf7_posted_data_hash\" value=\"\" \/><input type=\"hidden\" name=\"_wpcf7_recaptcha_response\" value=\"\" \/>\n<\/fieldset>\n<input class=\"wpcf7-form-control wpcf7-hidden\" value=\"\" type=\"hidden\" name=\"email\" \/><input class=\"wpcf7-form-control wpcf7-submit has-spinner\" type=\"submit\" value=\"Solicitar\" \/><input class=\"wpcf7-form-control wpcf7-hidden\" value=\"\" type=\"hidden\" name=\"campaign\" \/><input class=\"wpcf7-form-control wpcf7-hidden\" value=\"\" type=\"hidden\" name=\"action\" \/><input class=\"wpcf7-form-control wpcf7-hidden\" value=\"\" type=\"hidden\" name=\"mc_eid\" \/><input class=\"wpcf7-form-control wpcf7-hidden\" value=\"\" type=\"hidden\" name=\"mc_cid\" \/><input class=\"wpcf7-form-control wpcf7-hidden\" value=\"\" type=\"hidden\" name=\"fname\" \/><div class=\"wpcf7-response-output\" aria-hidden=\"true\"><\/div>\n<\/form>\n<\/div>\n[\/et_pb_text][\/et_pb_column][\/et_pb_row][\/et_pb_section]<\/p>\n","protected":false},"excerpt":{"rendered":"<p>Contato registrado com sucessoNossa equipe entrar\u00e1 em contato com voc\u00ea em breve. Enquanto isso, confira as \u00faltimas novidades da Phelcom:LER NOT\u00cdCIASConfirme o interesse Por favor, clique no bot\u00e3o abaixo para confirmar o interesse.\n<div class=\"wpcf7 no-js\" id=\"wpcf7-f43546-o2\" lang=\"pt-BR\" dir=\"ltr\" data-wpcf7-id=\"43546\">\n<div class=\"screen-reader-response\"><p role=\"status\" aria-live=\"polite\" aria-atomic=\"true\"><\/p> <ul><\/ul><\/div>\n<form action=\"\/pt-br\/wp-json\/wp\/v2\/pages\/43524#wpcf7-f43546-o2\" method=\"post\" class=\"wpcf7-form init\" aria-label=\"Formul\u00e1rios de contato\" novalidate=\"novalidate\" data-status=\"init\">\n<fieldset class=\"hidden-fields-container\"><input type=\"hidden\" name=\"_wpcf7\" value=\"43546\" \/><input type=\"hidden\" name=\"_wpcf7_version\" value=\"6.1.5\" \/><input type=\"hidden\" name=\"_wpcf7_locale\" value=\"pt_BR\" \/><input type=\"hidden\" name=\"_wpcf7_unit_tag\" value=\"wpcf7-f43546-o2\" \/><input type=\"hidden\" name=\"_wpcf7_container_post\" value=\"0\" \/><input type=\"hidden\" name=\"_wpcf7_posted_data_hash\" value=\"\" \/><input type=\"hidden\" name=\"_wpcf7_recaptcha_response\" value=\"\" \/>\n<\/fieldset>\n<input class=\"wpcf7-form-control wpcf7-hidden\" value=\"\" type=\"hidden\" name=\"email\" \/><input class=\"wpcf7-form-control wpcf7-submit has-spinner\" type=\"submit\" value=\"Solicitar\" \/><input class=\"wpcf7-form-control wpcf7-hidden\" value=\"\" type=\"hidden\" name=\"campaign\" \/><input class=\"wpcf7-form-control wpcf7-hidden\" value=\"\" type=\"hidden\" name=\"action\" \/><input class=\"wpcf7-form-control wpcf7-hidden\" value=\"\" type=\"hidden\" name=\"mc_eid\" \/><input class=\"wpcf7-form-control wpcf7-hidden\" value=\"\" type=\"hidden\" name=\"mc_cid\" \/><input class=\"wpcf7-form-control wpcf7-hidden\" value=\"\" type=\"hidden\" name=\"fname\" \/><div class=\"wpcf7-response-output\" aria-hidden=\"true\"><\/div>\n<\/form>\n<\/div>\n<\/p>\n","protected":false},"author":1,"featured_media":0,"parent":0,"menu_order":0,"comment_status":"closed","ping_status":"closed","template":"","meta":{"_acf_changed":false,"_et_pb_use_builder":"on","_et_pb_old_content":"<!-- wp:divi\/placeholder \/-->","_et_gb_content_width":"","footnotes":""},"class_list":["post-43524","page","type-page","status-publish","hentry"],"acf":[],"yoast_head":"<!-- This site is optimized with the Yoast SEO plugin v27.4 - https:\/\/yoast.com\/product\/yoast-seo-wordpress\/ -->\n<title>Confirma\u00e7\u00e3o - PHELCOM Technologies<\/title>\n<meta name=\"robots\" content=\"index, follow, max-snippet:-1, max-image-preview:large, max-video-preview:-1\" \/>\n<link rel=\"canonical\" href=\"https:\/\/phelcom.com\/pt-br\/confirmacao\/\" \/>\n<meta property=\"og:locale\" content=\"pt_BR\" \/>\n<meta property=\"og:type\" content=\"article\" \/>\n<meta property=\"og:title\" content=\"Confirma\u00e7\u00e3o - PHELCOM Technologies\" \/>\n<meta property=\"og:description\" content=\"Contato registrado com sucessoNossa equipe entrar\u00e1 em contato com voc\u00ea em breve. Enquanto isso, confira as \u00faltimas novidades da Phelcom:LER NOT\u00cdCIASConfirme o interesse Por favor, clique no bot\u00e3o abaixo para confirmar o interesse.\" \/>\n<meta property=\"og:url\" content=\"https:\/\/phelcom.com\/pt-br\/confirmacao\/\" \/>\n<meta property=\"og:site_name\" content=\"PHELCOM Technologies\" \/>\n<meta property=\"article:publisher\" content=\"https:\/\/www.facebook.com\/phelcom\/\" \/>\n<meta property=\"article:modified_time\" content=\"2025-08-27T14:35:08+00:00\" \/>\n<meta property=\"og:image\" content=\"https:\/\/phelcom.com\/wp-content\/uploads\/2025\/03\/img_fundo_orcamento_site_encaixe-1.jpg\" \/>\n\t<meta property=\"og:image:width\" content=\"1365\" \/>\n\t<meta property=\"og:image:height\" content=\"1840\" \/>\n\t<meta property=\"og:image:type\" content=\"image\/jpeg\" \/>\n<meta name=\"twitter:card\" content=\"summary_large_image\" \/>\n<meta name=\"twitter:label1\" content=\"Est. tempo de leitura\" \/>\n\t<meta name=\"twitter:data1\" content=\"1 minuto\" \/>\n<script type=\"application\/ld+json\" class=\"yoast-schema-graph\">{\"@context\":\"https:\\\/\\\/schema.org\",\"@graph\":[{\"@type\":\"WebPage\",\"@id\":\"https:\\\/\\\/phelcom.com\\\/pt-br\\\/confirmacao\\\/\",\"url\":\"https:\\\/\\\/phelcom.com\\\/pt-br\\\/confirmacao\\\/\",\"name\":\"Confirma\u00e7\u00e3o - PHELCOM Technologies\",\"isPartOf\":{\"@id\":\"https:\\\/\\\/phelcom.com\\\/pt-br\\\/en\\\/#website\"},\"datePublished\":\"2025-07-18T19:09:33+00:00\",\"dateModified\":\"2025-08-27T14:35:08+00:00\",\"breadcrumb\":{\"@id\":\"https:\\\/\\\/phelcom.com\\\/pt-br\\\/confirmacao\\\/#breadcrumb\"},\"inLanguage\":\"pt-BR\",\"potentialAction\":[{\"@type\":\"ReadAction\",\"target\":[\"https:\\\/\\\/phelcom.com\\\/pt-br\\\/confirmacao\\\/\"]}]},{\"@type\":\"BreadcrumbList\",\"@id\":\"https:\\\/\\\/phelcom.com\\\/pt-br\\\/confirmacao\\\/#breadcrumb\",\"itemListElement\":[{\"@type\":\"ListItem\",\"position\":1,\"name\":\"In\u00edcio\",\"item\":\"https:\\\/\\\/phelcom.com\\\/pt-br\\\/\"},{\"@type\":\"ListItem\",\"position\":2,\"name\":\"Confirma\u00e7\u00e3o\"}]},{\"@type\":\"WebSite\",\"@id\":\"https:\\\/\\\/phelcom.com\\\/pt-br\\\/en\\\/#website\",\"url\":\"https:\\\/\\\/phelcom.com\\\/pt-br\\\/en\\\/\",\"name\":\"PHELCOM Technologies\",\"description\":\"\",\"publisher\":{\"@id\":\"https:\\\/\\\/phelcom.com\\\/pt-br\\\/en\\\/#organization\"},\"potentialAction\":[{\"@type\":\"SearchAction\",\"target\":{\"@type\":\"EntryPoint\",\"urlTemplate\":\"https:\\\/\\\/phelcom.com\\\/pt-br\\\/en\\\/?s={search_term_string}\"},\"query-input\":{\"@type\":\"PropertyValueSpecification\",\"valueRequired\":true,\"valueName\":\"search_term_string\"}}],\"inLanguage\":\"pt-BR\"},{\"@type\":\"Organization\",\"@id\":\"https:\\\/\\\/phelcom.com\\\/pt-br\\\/en\\\/#organization\",\"name\":\"Phelcom\",\"url\":\"https:\\\/\\\/phelcom.com\\\/pt-br\\\/en\\\/\",\"logo\":{\"@type\":\"ImageObject\",\"inLanguage\":\"pt-BR\",\"@id\":\"https:\\\/\\\/phelcom.com\\\/pt-br\\\/en\\\/#\\\/schema\\\/logo\\\/image\\\/\",\"url\":\"https:\\\/\\\/phelcom.com\\\/wp-content\\\/uploads\\\/2018\\\/07\\\/color_horizontal.png\",\"contentUrl\":\"https:\\\/\\\/phelcom.com\\\/wp-content\\\/uploads\\\/2018\\\/07\\\/color_horizontal.png\",\"width\":245,\"height\":40,\"caption\":\"Phelcom\"},\"image\":{\"@id\":\"https:\\\/\\\/phelcom.com\\\/pt-br\\\/en\\\/#\\\/schema\\\/logo\\\/image\\\/\"},\"sameAs\":[\"https:\\\/\\\/www.facebook.com\\\/phelcom\\\/\",\"https:\\\/\\\/www.linkedin.com\\\/company\\\/phelcom-technologies\",\"https:\\\/\\\/www.youtube.com\\\/channel\\\/UCSZCLEV9ZrbGBie0R0IxQpA\"]}]}<\/script>\n<!-- \/ Yoast SEO plugin. -->","yoast_head_json":{"title":"Confirma\u00e7\u00e3o - PHELCOM Technologies","robots":{"index":"index","follow":"follow","max-snippet":"max-snippet:-1","max-image-preview":"max-image-preview:large","max-video-preview":"max-video-preview:-1"},"canonical":"https:\/\/phelcom.com\/pt-br\/confirmacao\/","og_locale":"pt_BR","og_type":"article","og_title":"Confirma\u00e7\u00e3o - PHELCOM Technologies","og_description":"Contato registrado com sucessoNossa equipe entrar\u00e1 em contato com voc\u00ea em breve. Enquanto isso, confira as \u00faltimas novidades da Phelcom:LER NOT\u00cdCIASConfirme o interesse Por favor, clique no bot\u00e3o abaixo para confirmar o interesse.","og_url":"https:\/\/phelcom.com\/pt-br\/confirmacao\/","og_site_name":"PHELCOM Technologies","article_publisher":"https:\/\/www.facebook.com\/phelcom\/","article_modified_time":"2025-08-27T14:35:08+00:00","og_image":[{"width":1365,"height":1840,"url":"https:\/\/phelcom.com\/wp-content\/uploads\/2025\/03\/img_fundo_orcamento_site_encaixe-1.jpg","type":"image\/jpeg"}],"twitter_card":"summary_large_image","twitter_misc":{"Est. tempo de leitura":"1 minuto"},"schema":{"@context":"https:\/\/schema.org","@graph":[{"@type":"WebPage","@id":"https:\/\/phelcom.com\/pt-br\/confirmacao\/","url":"https:\/\/phelcom.com\/pt-br\/confirmacao\/","name":"Confirma\u00e7\u00e3o - PHELCOM Technologies","isPartOf":{"@id":"https:\/\/phelcom.com\/pt-br\/en\/#website"},"datePublished":"2025-07-18T19:09:33+00:00","dateModified":"2025-08-27T14:35:08+00:00","breadcrumb":{"@id":"https:\/\/phelcom.com\/pt-br\/confirmacao\/#breadcrumb"},"inLanguage":"pt-BR","potentialAction":[{"@type":"ReadAction","target":["https:\/\/phelcom.com\/pt-br\/confirmacao\/"]}]},{"@type":"BreadcrumbList","@id":"https:\/\/phelcom.com\/pt-br\/confirmacao\/#breadcrumb","itemListElement":[{"@type":"ListItem","position":1,"name":"In\u00edcio","item":"https:\/\/phelcom.com\/pt-br\/"},{"@type":"ListItem","position":2,"name":"Confirma\u00e7\u00e3o"}]},{"@type":"WebSite","@id":"https:\/\/phelcom.com\/pt-br\/en\/#website","url":"https:\/\/phelcom.com\/pt-br\/en\/","name":"PHELCOM Technologies","description":"","publisher":{"@id":"https:\/\/phelcom.com\/pt-br\/en\/#organization"},"potentialAction":[{"@type":"SearchAction","target":{"@type":"EntryPoint","urlTemplate":"https:\/\/phelcom.com\/pt-br\/en\/?s={search_term_string}"},"query-input":{"@type":"PropertyValueSpecification","valueRequired":true,"valueName":"search_term_string"}}],"inLanguage":"pt-BR"},{"@type":"Organization","@id":"https:\/\/phelcom.com\/pt-br\/en\/#organization","name":"Phelcom","url":"https:\/\/phelcom.com\/pt-br\/en\/","logo":{"@type":"ImageObject","inLanguage":"pt-BR","@id":"https:\/\/phelcom.com\/pt-br\/en\/#\/schema\/logo\/image\/","url":"https:\/\/phelcom.com\/wp-content\/uploads\/2018\/07\/color_horizontal.png","contentUrl":"https:\/\/phelcom.com\/wp-content\/uploads\/2018\/07\/color_horizontal.png","width":245,"height":40,"caption":"Phelcom"},"image":{"@id":"https:\/\/phelcom.com\/pt-br\/en\/#\/schema\/logo\/image\/"},"sameAs":["https:\/\/www.facebook.com\/phelcom\/","https:\/\/www.linkedin.com\/company\/phelcom-technologies","https:\/\/www.youtube.com\/channel\/UCSZCLEV9ZrbGBie0R0IxQpA"]}]}},"_links":{"self":[{"href":"https:\/\/phelcom.com\/pt-br\/wp-json\/wp\/v2\/pages\/43524","targetHints":{"allow":["GET"]}}],"collection":[{"href":"https:\/\/phelcom.com\/pt-br\/wp-json\/wp\/v2\/pages"}],"about":[{"href":"https:\/\/phelcom.com\/pt-br\/wp-json\/wp\/v2\/types\/page"}],"author":[{"embeddable":true,"href":"https:\/\/phelcom.com\/pt-br\/wp-json\/wp\/v2\/users\/1"}],"replies":[{"embeddable":true,"href":"https:\/\/phelcom.com\/pt-br\/wp-json\/wp\/v2\/comments?post=43524"}],"version-history":[{"count":14,"href":"https:\/\/phelcom.com\/pt-br\/wp-json\/wp\/v2\/pages\/43524\/revisions"}],"predecessor-version":[{"id":44245,"href":"https:\/\/phelcom.com\/pt-br\/wp-json\/wp\/v2\/pages\/43524\/revisions\/44245"}],"wp:attachment":[{"href":"https:\/\/phelcom.com\/pt-br\/wp-json\/wp\/v2\/media?parent=43524"}],"curies":[{"name":"wp","href":"https:\/\/api.w.org\/{rel}","templated":true}]}}