{"id":20652,"date":"2023-02-24T15:10:50","date_gmt":"2023-02-24T18:10:50","guid":{"rendered":"https:\/\/phelcom.com\/?page_id=20652"},"modified":"2023-05-03T10:23:37","modified_gmt":"2023-05-03T13:23:37","slug":"melhores-momentos-webinar-2","status":"publish","type":"page","link":"https:\/\/phelcom.com\/pt-br\/eyer-insights\/melhores-momentos-webinar-2\/","title":{"rendered":"Melhores momentos Webinar"},"content":{"rendered":"<p>[et_pb_section fb_built=&#8221;1&#8243; _builder_version=&#8221;4.20.0&#8243; _module_preset=&#8221;default&#8221; global_colors_info=&#8221;{}&#8221;][et_pb_row _builder_version=&#8221;4.20.4&#8243; _module_preset=&#8221;default&#8221; module_alignment=&#8221;center&#8221; hover_enabled=&#8221;0&#8243; global_colors_info=&#8221;{}&#8221; sticky_enabled=&#8221;0&#8243;][et_pb_column type=&#8221;4_4&#8243; _builder_version=&#8221;4.20.0&#8243; _module_preset=&#8221;default&#8221; global_colors_info=&#8221;{}&#8221;][et_pb_text _builder_version=&#8221;4.20.0&#8243; _module_preset=&#8221;default&#8221; text_line_height=&#8221;2.5em&#8221; header_text_align=&#8221;center&#8221; text_orientation=&#8221;center&#8221; global_colors_info=&#8221;{}&#8221;]<\/p>\n<h1>Melhores Momentos da 4\u00aa edi\u00e7\u00e3o do Eyer Insights<\/h1>\n<p>Confira os melhores momentos da edi\u00e7\u00e3o especial sobre &#8220;Retinografia na Oftalmopediatria&#8221;.<\/p>\n<p>[\/et_pb_text][et_pb_video src=&#8221;https:\/\/www.youtube.com\/watch?v=ftHF-47vUw8&#8243; _builder_version=&#8221;4.20.4&#8243; _module_preset=&#8221;default&#8221; global_colors_info=&#8221;{}&#8221; play_icon_color=&#8221;#E02B20&#8243; font_icon=&#8221;&#xe0a3;||divi||400&#8243; thumbnail_overlay_color=&#8221;RGBA(255,255,255,0)&#8221; border_radii=&#8221;on|40px|40px|40px|40px&#8221; box_shadow_style=&#8221;preset1&#8243; box_shadow_vertical=&#8221;5px&#8221; box_shadow_blur=&#8221;33px&#8221; box_shadow_color=&#8221;rgba(0,0,0,0.17)&#8221; image_src=&#8221;\/\/i.ytimg.com\/vi\/ftHF-47vUw8\/hqdefault.jpg&#8221; hover_enabled=&#8221;0&#8243; sticky_enabled=&#8221;0&#8243;][\/et_pb_video][\/et_pb_column][\/et_pb_row][\/et_pb_section]<\/p>\n","protected":false},"excerpt":{"rendered":"<p>Melhores Momentos da 4\u00aa edi\u00e7\u00e3o do Eyer Insights Confira os melhores momentos da edi\u00e7\u00e3o especial sobre &#8220;Retinografia na Oftalmopediatria&#8221;.<\/p>\n","protected":false},"author":1,"featured_media":20681,"parent":19188,"menu_order":0,"comment_status":"closed","ping_status":"closed","template":"","meta":{"_acf_changed":false,"_et_pb_use_builder":"on","_et_pb_old_content":"","_et_gb_content_width":"","footnotes":""},"class_list":["post-20652","page","type-page","status-publish","has-post-thumbnail","hentry"],"acf":[],"yoast_head":"<!-- This site is optimized with the Yoast SEO plugin v27.5 - https:\/\/yoast.com\/product\/yoast-seo-wordpress\/ -->\n<title>Melhores momentos Webinar - PHELCOM Technologies<\/title>\n<meta name=\"robots\" content=\"index, follow, max-snippet:-1, max-image-preview:large, max-video-preview:-1\" \/>\n<link rel=\"canonical\" href=\"https:\/\/phelcom.com\/pt-br\/eyer-insights\/melhores-momentos-webinar-2\/\" \/>\n<meta property=\"og:locale\" content=\"pt_BR\" \/>\n<meta property=\"og:type\" content=\"article\" \/>\n<meta property=\"og:title\" content=\"Melhores momentos Webinar - PHELCOM Technologies\" \/>\n<meta property=\"og:description\" content=\"Melhores Momentos da 4\u00aa edi\u00e7\u00e3o do Eyer Insights Confira os melhores momentos da edi\u00e7\u00e3o especial sobre &quot;Retinografia na Oftalmopediatria&quot;.\" \/>\n<meta property=\"og:url\" content=\"https:\/\/phelcom.com\/pt-br\/eyer-insights\/melhores-momentos-webinar-2\/\" \/>\n<meta property=\"og:site_name\" content=\"PHELCOM Technologies\" \/>\n<meta property=\"article:publisher\" content=\"https:\/\/www.facebook.com\/phelcom\/\" \/>\n<meta property=\"article:modified_time\" content=\"2023-05-03T13:23:37+00:00\" \/>\n<meta property=\"og:image\" content=\"https:\/\/phelcom.com\/wp-content\/uploads\/2023\/02\/img_destacada_melhores_momentos_4webinar-1.jpg\" \/>\n\t<meta property=\"og:image:width\" content=\"1080\" \/>\n\t<meta property=\"og:image:height\" content=\"1080\" \/>\n\t<meta property=\"og:image:type\" content=\"image\/jpeg\" \/>\n<meta name=\"twitter:card\" content=\"summary_large_image\" \/>\n<meta name=\"twitter:label1\" content=\"Est. tempo de leitura\" \/>\n\t<meta name=\"twitter:data1\" content=\"1 minuto\" \/>\n<script type=\"application\/ld+json\" class=\"yoast-schema-graph\">{\"@context\":\"https:\\\/\\\/schema.org\",\"@graph\":[{\"@type\":\"WebPage\",\"@id\":\"https:\\\/\\\/phelcom.com\\\/pt-br\\\/eyer-insights\\\/melhores-momentos-webinar-2\\\/\",\"url\":\"https:\\\/\\\/phelcom.com\\\/pt-br\\\/eyer-insights\\\/melhores-momentos-webinar-2\\\/\",\"name\":\"Melhores momentos Webinar - PHELCOM Technologies\",\"isPartOf\":{\"@id\":\"https:\\\/\\\/phelcom.com\\\/pt-br\\\/en\\\/#website\"},\"primaryImageOfPage\":{\"@id\":\"https:\\\/\\\/phelcom.com\\\/pt-br\\\/eyer-insights\\\/melhores-momentos-webinar-2\\\/#primaryimage\"},\"image\":{\"@id\":\"https:\\\/\\\/phelcom.com\\\/pt-br\\\/eyer-insights\\\/melhores-momentos-webinar-2\\\/#primaryimage\"},\"thumbnailUrl\":\"https:\\\/\\\/phelcom.com\\\/wp-content\\\/uploads\\\/2023\\\/02\\\/img_destacada_melhores_momentos_4webinar-1.jpg\",\"datePublished\":\"2023-02-24T18:10:50+00:00\",\"dateModified\":\"2023-05-03T13:23:37+00:00\",\"breadcrumb\":{\"@id\":\"https:\\\/\\\/phelcom.com\\\/pt-br\\\/eyer-insights\\\/melhores-momentos-webinar-2\\\/#breadcrumb\"},\"inLanguage\":\"pt-BR\",\"potentialAction\":[{\"@type\":\"ReadAction\",\"target\":[\"https:\\\/\\\/phelcom.com\\\/pt-br\\\/eyer-insights\\\/melhores-momentos-webinar-2\\\/\"]}]},{\"@type\":\"ImageObject\",\"inLanguage\":\"pt-BR\",\"@id\":\"https:\\\/\\\/phelcom.com\\\/pt-br\\\/eyer-insights\\\/melhores-momentos-webinar-2\\\/#primaryimage\",\"url\":\"https:\\\/\\\/phelcom.com\\\/wp-content\\\/uploads\\\/2023\\\/02\\\/img_destacada_melhores_momentos_4webinar-1.jpg\",\"contentUrl\":\"https:\\\/\\\/phelcom.com\\\/wp-content\\\/uploads\\\/2023\\\/02\\\/img_destacada_melhores_momentos_4webinar-1.jpg\",\"width\":1080,\"height\":1080,\"caption\":\"Img Destacada Melhores Momentos 4webinar\"},{\"@type\":\"BreadcrumbList\",\"@id\":\"https:\\\/\\\/phelcom.com\\\/pt-br\\\/eyer-insights\\\/melhores-momentos-webinar-2\\\/#breadcrumb\",\"itemListElement\":[{\"@type\":\"ListItem\",\"position\":1,\"name\":\"In\u00edcio\",\"item\":\"https:\\\/\\\/phelcom.com\\\/pt-br\\\/\"},{\"@type\":\"ListItem\",\"position\":2,\"name\":\"Eyer Insights\",\"item\":\"https:\\\/\\\/phelcom.com\\\/pt-br\\\/eyer-insights\\\/\"},{\"@type\":\"ListItem\",\"position\":3,\"name\":\"Melhores momentos Webinar\"}]},{\"@type\":\"WebSite\",\"@id\":\"https:\\\/\\\/phelcom.com\\\/pt-br\\\/en\\\/#website\",\"url\":\"https:\\\/\\\/phelcom.com\\\/pt-br\\\/en\\\/\",\"name\":\"PHELCOM Technologies\",\"description\":\"\",\"publisher\":{\"@id\":\"https:\\\/\\\/phelcom.com\\\/pt-br\\\/en\\\/#organization\"},\"potentialAction\":[{\"@type\":\"SearchAction\",\"target\":{\"@type\":\"EntryPoint\",\"urlTemplate\":\"https:\\\/\\\/phelcom.com\\\/pt-br\\\/en\\\/?s={search_term_string}\"},\"query-input\":{\"@type\":\"PropertyValueSpecification\",\"valueRequired\":true,\"valueName\":\"search_term_string\"}}],\"inLanguage\":\"pt-BR\"},{\"@type\":\"Organization\",\"@id\":\"https:\\\/\\\/phelcom.com\\\/pt-br\\\/en\\\/#organization\",\"name\":\"Phelcom\",\"url\":\"https:\\\/\\\/phelcom.com\\\/pt-br\\\/en\\\/\",\"logo\":{\"@type\":\"ImageObject\",\"inLanguage\":\"pt-BR\",\"@id\":\"https:\\\/\\\/phelcom.com\\\/pt-br\\\/en\\\/#\\\/schema\\\/logo\\\/image\\\/\",\"url\":\"https:\\\/\\\/phelcom.com\\\/wp-content\\\/uploads\\\/2018\\\/07\\\/color_horizontal.png\",\"contentUrl\":\"https:\\\/\\\/phelcom.com\\\/wp-content\\\/uploads\\\/2018\\\/07\\\/color_horizontal.png\",\"width\":245,\"height\":40,\"caption\":\"Phelcom\"},\"image\":{\"@id\":\"https:\\\/\\\/phelcom.com\\\/pt-br\\\/en\\\/#\\\/schema\\\/logo\\\/image\\\/\"},\"sameAs\":[\"https:\\\/\\\/www.facebook.com\\\/phelcom\\\/\",\"https:\\\/\\\/www.linkedin.com\\\/company\\\/phelcom-technologies\",\"https:\\\/\\\/www.youtube.com\\\/channel\\\/UCSZCLEV9ZrbGBie0R0IxQpA\"]}]}<\/script>\n<!-- \/ Yoast SEO plugin. -->","yoast_head_json":{"title":"Melhores momentos Webinar - PHELCOM Technologies","robots":{"index":"index","follow":"follow","max-snippet":"max-snippet:-1","max-image-preview":"max-image-preview:large","max-video-preview":"max-video-preview:-1"},"canonical":"https:\/\/phelcom.com\/pt-br\/eyer-insights\/melhores-momentos-webinar-2\/","og_locale":"pt_BR","og_type":"article","og_title":"Melhores momentos Webinar - PHELCOM Technologies","og_description":"Melhores Momentos da 4\u00aa edi\u00e7\u00e3o do Eyer Insights Confira os melhores momentos da edi\u00e7\u00e3o especial sobre \"Retinografia na Oftalmopediatria\".","og_url":"https:\/\/phelcom.com\/pt-br\/eyer-insights\/melhores-momentos-webinar-2\/","og_site_name":"PHELCOM Technologies","article_publisher":"https:\/\/www.facebook.com\/phelcom\/","article_modified_time":"2023-05-03T13:23:37+00:00","og_image":[{"width":1080,"height":1080,"url":"https:\/\/phelcom.com\/wp-content\/uploads\/2023\/02\/img_destacada_melhores_momentos_4webinar-1.jpg","type":"image\/jpeg"}],"twitter_card":"summary_large_image","twitter_misc":{"Est. tempo de leitura":"1 minuto"},"schema":{"@context":"https:\/\/schema.org","@graph":[{"@type":"WebPage","@id":"https:\/\/phelcom.com\/pt-br\/eyer-insights\/melhores-momentos-webinar-2\/","url":"https:\/\/phelcom.com\/pt-br\/eyer-insights\/melhores-momentos-webinar-2\/","name":"Melhores momentos Webinar - PHELCOM Technologies","isPartOf":{"@id":"https:\/\/phelcom.com\/pt-br\/en\/#website"},"primaryImageOfPage":{"@id":"https:\/\/phelcom.com\/pt-br\/eyer-insights\/melhores-momentos-webinar-2\/#primaryimage"},"image":{"@id":"https:\/\/phelcom.com\/pt-br\/eyer-insights\/melhores-momentos-webinar-2\/#primaryimage"},"thumbnailUrl":"https:\/\/phelcom.com\/wp-content\/uploads\/2023\/02\/img_destacada_melhores_momentos_4webinar-1.jpg","datePublished":"2023-02-24T18:10:50+00:00","dateModified":"2023-05-03T13:23:37+00:00","breadcrumb":{"@id":"https:\/\/phelcom.com\/pt-br\/eyer-insights\/melhores-momentos-webinar-2\/#breadcrumb"},"inLanguage":"pt-BR","potentialAction":[{"@type":"ReadAction","target":["https:\/\/phelcom.com\/pt-br\/eyer-insights\/melhores-momentos-webinar-2\/"]}]},{"@type":"ImageObject","inLanguage":"pt-BR","@id":"https:\/\/phelcom.com\/pt-br\/eyer-insights\/melhores-momentos-webinar-2\/#primaryimage","url":"https:\/\/phelcom.com\/wp-content\/uploads\/2023\/02\/img_destacada_melhores_momentos_4webinar-1.jpg","contentUrl":"https:\/\/phelcom.com\/wp-content\/uploads\/2023\/02\/img_destacada_melhores_momentos_4webinar-1.jpg","width":1080,"height":1080,"caption":"Img Destacada Melhores Momentos 4webinar"},{"@type":"BreadcrumbList","@id":"https:\/\/phelcom.com\/pt-br\/eyer-insights\/melhores-momentos-webinar-2\/#breadcrumb","itemListElement":[{"@type":"ListItem","position":1,"name":"In\u00edcio","item":"https:\/\/phelcom.com\/pt-br\/"},{"@type":"ListItem","position":2,"name":"Eyer Insights","item":"https:\/\/phelcom.com\/pt-br\/eyer-insights\/"},{"@type":"ListItem","position":3,"name":"Melhores momentos Webinar"}]},{"@type":"WebSite","@id":"https:\/\/phelcom.com\/pt-br\/en\/#website","url":"https:\/\/phelcom.com\/pt-br\/en\/","name":"PHELCOM Technologies","description":"","publisher":{"@id":"https:\/\/phelcom.com\/pt-br\/en\/#organization"},"potentialAction":[{"@type":"SearchAction","target":{"@type":"EntryPoint","urlTemplate":"https:\/\/phelcom.com\/pt-br\/en\/?s={search_term_string}"},"query-input":{"@type":"PropertyValueSpecification","valueRequired":true,"valueName":"search_term_string"}}],"inLanguage":"pt-BR"},{"@type":"Organization","@id":"https:\/\/phelcom.com\/pt-br\/en\/#organization","name":"Phelcom","url":"https:\/\/phelcom.com\/pt-br\/en\/","logo":{"@type":"ImageObject","inLanguage":"pt-BR","@id":"https:\/\/phelcom.com\/pt-br\/en\/#\/schema\/logo\/image\/","url":"https:\/\/phelcom.com\/wp-content\/uploads\/2018\/07\/color_horizontal.png","contentUrl":"https:\/\/phelcom.com\/wp-content\/uploads\/2018\/07\/color_horizontal.png","width":245,"height":40,"caption":"Phelcom"},"image":{"@id":"https:\/\/phelcom.com\/pt-br\/en\/#\/schema\/logo\/image\/"},"sameAs":["https:\/\/www.facebook.com\/phelcom\/","https:\/\/www.linkedin.com\/company\/phelcom-technologies","https:\/\/www.youtube.com\/channel\/UCSZCLEV9ZrbGBie0R0IxQpA"]}]}},"_links":{"self":[{"href":"https:\/\/phelcom.com\/pt-br\/wp-json\/wp\/v2\/pages\/20652","targetHints":{"allow":["GET"]}}],"collection":[{"href":"https:\/\/phelcom.com\/pt-br\/wp-json\/wp\/v2\/pages"}],"about":[{"href":"https:\/\/phelcom.com\/pt-br\/wp-json\/wp\/v2\/types\/page"}],"author":[{"embeddable":true,"href":"https:\/\/phelcom.com\/pt-br\/wp-json\/wp\/v2\/users\/1"}],"replies":[{"embeddable":true,"href":"https:\/\/phelcom.com\/pt-br\/wp-json\/wp\/v2\/comments?post=20652"}],"version-history":[{"count":0,"href":"https:\/\/phelcom.com\/pt-br\/wp-json\/wp\/v2\/pages\/20652\/revisions"}],"up":[{"embeddable":true,"href":"https:\/\/phelcom.com\/pt-br\/wp-json\/wp\/v2\/pages\/19188"}],"wp:featuredmedia":[{"embeddable":true,"href":"https:\/\/phelcom.com\/pt-br\/wp-json\/wp\/v2\/media\/20681"}],"wp:attachment":[{"href":"https:\/\/phelcom.com\/pt-br\/wp-json\/wp\/v2\/media?parent=20652"}],"curies":[{"name":"wp","href":"https:\/\/api.w.org\/{rel}","templated":true}]}}