{"id":19016,"date":"2023-01-10T10:19:20","date_gmt":"2023-01-10T13:19:20","guid":{"rendered":"https:\/\/phelcom.com\/?page_id=19016"},"modified":"2025-05-19T11:02:05","modified_gmt":"2025-05-19T14:02:05","slug":"falar-com-um-especialista","status":"publish","type":"page","link":"https:\/\/phelcom.com\/pt-br\/falar-com-um-especialista\/","title":{"rendered":"Falar com um especialista"},"content":{"rendered":"<p>[et_pb_section fb_built=&#8221;1&#8243; _builder_version=&#8221;4.19.4&#8243; _module_preset=&#8221;default&#8221; custom_margin=&#8221;||||true&#8221; custom_padding=&#8221;0px||0px||true|false&#8221; global_colors_info=&#8221;{}&#8221;][et_pb_row column_structure=&#8221;1_2,1_2&#8243; make_equal=&#8221;on&#8221; _builder_version=&#8221;4.27.4&#8243; _module_preset=&#8221;default&#8221; width=&#8221;100%&#8221; max_width=&#8221;100%&#8221; module_alignment=&#8221;center&#8221; min_height=&#8221;60vh&#8221; custom_padding=&#8221;0px||0px||false|false&#8221; hover_enabled=&#8221;0&#8243; global_colors_info=&#8221;{}&#8221; custom_css_main_element_last_edited=&#8221;on|tablet&#8221; custom_css_main_element_tablet=&#8221;display:flex;||flex-direction:column;&#8221; custom_css_main_element_phone=&#8221;display:flex;||flex-direction:column;&#8221; sticky_enabled=&#8221;0&#8243; background_last_edited=&#8221;on|desktop&#8221;][et_pb_column type=&#8221;1_2&#8243; _builder_version=&#8221;4.27.4&#8243; _module_preset=&#8221;default&#8221; background_image=&#8221;https:\/\/phelcom.com\/wp-content\/uploads\/2025\/05\/img_retinografo_portatil_eyer2_atendimento_pediatrico-2.jpg&#8221; custom_padding=&#8221;||||false|false&#8221; hover_enabled=&#8221;0&#8243; custom_css_main_element=&#8221;margin-right:30px !important;||&#8221; global_colors_info=&#8221;{}&#8221; custom_css_main_element_last_edited=&#8221;on|tablet&#8221; custom_css_main_element_tablet=&#8221;min-height: 27vh !important;||display: block !important;||margin-bottom: 0;&#8221; custom_css_main_element_phone=&#8221;min-height: 27vh !important;||display: block !important;||margin-bottom: 0;&#8221; alt=&#8221;Oftalmologista mostrando retinografia do retin\u00f3grafo port\u00e1til Eyer2 a um paciente pedi\u00e1trico&#8221; title_text=&#8221;Img Retinografo Portatil Eyer2 Atendimento Mobile&#8221; sticky_enabled=&#8221;0&#8243; background_last_edited=&#8221;on|phone&#8221; background_image_phone=&#8221;https:\/\/phelcom.com\/wp-content\/uploads\/2025\/05\/img_retinografo_portatil_eyer2_atendimento_mobile.jpg&#8221; background_enable_image_phone=&#8221;on&#8221;][\/et_pb_column][et_pb_column type=&#8221;1_2&#8243; _builder_version=&#8221;4.19.4&#8243; _module_preset=&#8221;default&#8221; custom_padding=&#8221;60px|60px|60px|60px|true|true&#8221; custom_padding_tablet=&#8221;30px|30px|30px|30px|true|true&#8221; custom_padding_phone=&#8221;30px|30px|30px|30px|true|true&#8221; custom_padding_last_edited=&#8221;on|tablet&#8221; custom_css_main_element=&#8221;max-width:615px;||&#8221; global_colors_info=&#8221;{}&#8221;][et_pb_text disabled_on=&#8221;off|off|off&#8221; admin_label=&#8221;Subtitle&#8221; module_class=&#8221;subtitle&#8221; _builder_version=&#8221;4.19.4&#8243; _module_preset=&#8221;default&#8221; text_font=&#8221;|300||on|||||&#8221; text_text_color=&#8221;#000000&#8243; text_font_size=&#8221;22px&#8221; text_letter_spacing=&#8221;9px&#8221; text_line_height=&#8221;32px&#8221; custom_margin=&#8221;||14px||false|false&#8221; global_colors_info=&#8221;{}&#8221;]<\/p>\n<p>Fale com um<\/p>\n<p>[\/et_pb_text][et_pb_text admin_label=&#8221;TItle&#8221; module_class=&#8221;title&#8221; _builder_version=&#8221;4.19.4&#8243; _module_preset=&#8221;default&#8221; text_font=&#8221;|300|||||||&#8221; text_text_color=&#8221;#000000&#8243; text_font_size=&#8221;47px&#8221; text_letter_spacing=&#8221;6px&#8221; text_line_height=&#8221;37px&#8221; width=&#8221;100%&#8221; custom_margin=&#8221;||||false|false&#8221; global_colors_info=&#8221;{}&#8221;]<\/p>\n<p>Especialista<\/p>\n<p>[\/et_pb_text][et_pb_text disabled_on=&#8221;off|off|off&#8221; admin_label=&#8221;Subtitle&#8221; module_class=&#8221;subtitle&#8221; _builder_version=&#8221;4.19.4&#8243; _module_preset=&#8221;default&#8221; text_font=&#8221;|300|||||||&#8221; text_text_color=&#8221;#000000&#8243; text_font_size=&#8221;18px&#8221; text_letter_spacing=&#8221;1px&#8221; text_line_height=&#8221;24px&#8221; custom_margin=&#8221;||34px|||&#8221; global_colors_info=&#8221;{}&#8221;]<\/p>\n<p data-pm-slice=\"1 1 []\">Preencha o formul\u00e1rio abaixo que o nosso time de especialistas entrar\u00e1 em contato o mais breve poss\u00edvel.<\/p>\n<p>[\/et_pb_text][et_pb_text _builder_version=&#8221;4.19.4&#8243; _module_preset=&#8221;default&#8221; global_colors_info=&#8221;{}&#8221;]\n<div class=\"wpcf7 no-js\" id=\"wpcf7-f19039-o1\" lang=\"pt-BR\" dir=\"ltr\" data-wpcf7-id=\"19039\">\n<div class=\"screen-reader-response\"><p role=\"status\" aria-live=\"polite\" aria-atomic=\"true\"><\/p> <ul><\/ul><\/div>\n<form action=\"\/pt-br\/wp-json\/wp\/v2\/pages\/19016#wpcf7-f19039-o1\" method=\"post\" class=\"wpcf7-form init\" name=\"especialista_ptbr\" aria-label=\"Formul\u00e1rios de contato\" novalidate=\"novalidate\" data-status=\"init\">\n<fieldset class=\"hidden-fields-container\"><input type=\"hidden\" name=\"_wpcf7\" value=\"19039\" \/><input type=\"hidden\" name=\"_wpcf7_version\" value=\"6.1.5\" \/><input type=\"hidden\" name=\"_wpcf7_locale\" value=\"pt_BR\" \/><input type=\"hidden\" name=\"_wpcf7_unit_tag\" value=\"wpcf7-f19039-o1\" \/><input type=\"hidden\" name=\"_wpcf7_container_post\" value=\"0\" \/><input type=\"hidden\" name=\"_wpcf7_posted_data_hash\" value=\"\" \/><input type=\"hidden\" name=\"_wpcf7_recaptcha_response\" value=\"\" \/>\n<\/fieldset>\n<div class=\"formulario\"><div class=\"input\"><span class=\"wpcf7-form-control-wrap\" data-name=\"nome\"><input size=\"40\" maxlength=\"400\" class=\"wpcf7-form-control wpcf7-text wpcf7-validates-as-required\" aria-required=\"true\" aria-invalid=\"false\" placeholder=\"Nome...\" value=\"\" type=\"text\" name=\"nome\" \/><\/span> <\/div><div class=\"input\"><span class=\"wpcf7-form-control-wrap\" data-name=\"sobrenome\"><input size=\"40\" maxlength=\"400\" class=\"wpcf7-form-control wpcf7-text wpcf7-validates-as-required\" aria-required=\"true\" aria-invalid=\"false\" placeholder=\"Sobrenome...\" value=\"\" type=\"text\" name=\"sobrenome\" \/><\/span> <\/div><div class=\"input\"><span class=\"wpcf7-form-control-wrap\" data-name=\"email\"><input size=\"40\" maxlength=\"400\" class=\"wpcf7-form-control wpcf7-email wpcf7-validates-as-required wpcf7-text wpcf7-validates-as-email\" aria-required=\"true\" aria-invalid=\"false\" placeholder=\"E-mail...\" value=\"\" type=\"email\" name=\"email\" \/><\/span><\/div><div class=\"input\"><span class=\"wpcf7-form-control-wrap\" data-name=\"atuacao\"><select class=\"wpcf7-form-control wpcf7-select wpcf7-validates-as-required atuacao\" aria-required=\"true\" aria-invalid=\"false\" name=\"atuacao\"><option value=\"\">&#8212;Escolha uma op\u00e7\u00e3o&#8212;<\/option><option value=\"Oftalmologista\">Oftalmologista<\/option><option value=\"Neurologia\">Neurologia<\/option><option value=\"Cardiologia\">Cardiologia<\/option><option value=\"Endocrinologia\">Endocrinologia<\/option><option value=\"Medicina Geral\">Medicina Geral<\/option><option value=\"Medicina da Fam\u00edlia\">Medicina da Fam\u00edlia<\/option><option value=\"Outro\">Outro<\/option><\/select><\/span><\/div><div class=\"input\"><span class=\"wpcf7-form-control-wrap\" data-name=\"atuacao_outro\"><input size=\"40\" maxlength=\"400\" class=\"wpcf7-form-control wpcf7-text wpcf7-validates-as-required hidden\" aria-required=\"true\" aria-invalid=\"false\" placeholder=\"Qual \u00e1rea?\" value=\"\" type=\"text\" name=\"atuacao_outro\" \/><\/span><\/div><div class=\"input\"><span class=\"wpcf7-form-control-wrap\" data-name=\"tel\"><input size=\"40\" maxlength=\"400\" class=\"wpcf7-form-control wpcf7-tel wpcf7-validates-as-required wpcf7-text wpcf7-validates-as-tel\" aria-required=\"true\" aria-invalid=\"false\" placeholder=\"Telefone...\" value=\"\" type=\"tel\" name=\"tel\" \/><\/span><\/div><div class=\"input\"><span class=\"wpcf7-form-control-wrap\" data-name=\"mensagem\"><textarea cols=\"40\" rows=\"10\" maxlength=\"2000\" class=\"wpcf7-form-control wpcf7-textarea\" aria-invalid=\"false\" placeholder=\"Mensagem...\" name=\"mensagem\"><\/textarea><\/span><\/div><\/div><div class=\"politics\">Ao clicar em <b>Solicitar<\/b>, concordo com a <a href=\"https:\/\/phelcom.com\/pt-br\/lgpd\/\" target=\"_blank\">Pol\u00edtica de Privacidade e os Termos de Uso<\/a>, permito que a Phelcom me contate e reconhe\u00e7o que o Eyer \u00e9 um dispositivo m\u00e9dico (Anvisa classe II) exigindo a supervis\u00e3o de um profissional com CRM para uso e interpreta\u00e7\u00e3o das imagens.<\/div><div class=\"enviar\"><input class=\"wpcf7-form-control wpcf7-submit has-spinner\" type=\"submit\" value=\"Enviar\" \/><\/div><input class=\"wpcf7-form-control wpcf7-hidden\" value=\"\" type=\"hidden\" name=\"utm_source\" \/><input class=\"wpcf7-form-control wpcf7-hidden\" value=\"\" type=\"hidden\" name=\"utm_medium\" \/><input class=\"wpcf7-form-control wpcf7-hidden\" value=\"\" type=\"hidden\" name=\"utm_campaign\" \/><input class=\"wpcf7-form-control wpcf7-hidden\" value=\"\" type=\"hidden\" name=\"utm_term\" \/><input class=\"wpcf7-form-control wpcf7-hidden\" value=\"\" type=\"hidden\" name=\"utm_content\" \/><input class=\"wpcf7-form-control wpcf7-hidden\" value=\"\" type=\"hidden\" name=\"ga_id\" \/><input class=\"wpcf7-form-control wpcf7-hidden\" value=\"\" type=\"hidden\" name=\"gclid\" \/><input class=\"wpcf7-form-control wpcf7-hidden\" value=\"\" type=\"hidden\" name=\"fbclid\" \/><input class=\"wpcf7-form-control wpcf7-hidden\" value=\"\" type=\"hidden\" name=\"wbraid\" \/><input class=\"wpcf7-form-control wpcf7-hidden\" value=\"\" type=\"hidden\" name=\"clarify_user\" \/><input class=\"wpcf7-form-control wpcf7-hidden\" value=\"\" type=\"hidden\" name=\"extra\" \/><input class=\"wpcf7-form-control wpcf7-hidden\" value=\"\" type=\"hidden\" name=\"product\" \/><input class=\"wpcf7-form-control wpcf7-hidden\" value=\"\" type=\"hidden\" name=\"parameters\" \/><div class=\"wpcf7-response-output\" aria-hidden=\"true\"><\/div>\n<\/form>\n<\/div>\n[\/et_pb_text][\/et_pb_column][\/et_pb_row][\/et_pb_section]<\/p>\n","protected":false},"excerpt":{"rendered":"<p>Fale com umEspecialistaPreencha o formul\u00e1rio abaixo que o nosso time de especialistas entrar\u00e1 em contato o mais breve poss\u00edvel.\n<div class=\"wpcf7 no-js\" id=\"wpcf7-f19039-o2\" lang=\"pt-BR\" dir=\"ltr\" data-wpcf7-id=\"19039\">\n<div class=\"screen-reader-response\"><p role=\"status\" aria-live=\"polite\" aria-atomic=\"true\"><\/p> <ul><\/ul><\/div>\n<form action=\"\/pt-br\/wp-json\/wp\/v2\/pages\/19016#wpcf7-f19039-o2\" method=\"post\" class=\"wpcf7-form init\" name=\"especialista_ptbr\" aria-label=\"Formul\u00e1rios de contato\" novalidate=\"novalidate\" data-status=\"init\">\n<fieldset class=\"hidden-fields-container\"><input type=\"hidden\" name=\"_wpcf7\" value=\"19039\" \/><input type=\"hidden\" name=\"_wpcf7_version\" value=\"6.1.5\" \/><input type=\"hidden\" name=\"_wpcf7_locale\" value=\"pt_BR\" \/><input type=\"hidden\" name=\"_wpcf7_unit_tag\" value=\"wpcf7-f19039-o2\" \/><input type=\"hidden\" name=\"_wpcf7_container_post\" value=\"0\" \/><input type=\"hidden\" name=\"_wpcf7_posted_data_hash\" value=\"\" \/><input type=\"hidden\" name=\"_wpcf7_recaptcha_response\" value=\"\" \/>\n<\/fieldset>\n<div class=\"formulario\"><div class=\"input\"><span class=\"wpcf7-form-control-wrap\" data-name=\"nome\"><input size=\"40\" maxlength=\"400\" class=\"wpcf7-form-control wpcf7-text wpcf7-validates-as-required\" aria-required=\"true\" aria-invalid=\"false\" placeholder=\"Nome...\" value=\"\" type=\"text\" name=\"nome\" \/><\/span> <\/div><div class=\"input\"><span class=\"wpcf7-form-control-wrap\" data-name=\"sobrenome\"><input size=\"40\" maxlength=\"400\" class=\"wpcf7-form-control wpcf7-text wpcf7-validates-as-required\" aria-required=\"true\" aria-invalid=\"false\" placeholder=\"Sobrenome...\" value=\"\" type=\"text\" name=\"sobrenome\" \/><\/span> <\/div><div class=\"input\"><span class=\"wpcf7-form-control-wrap\" data-name=\"email\"><input size=\"40\" maxlength=\"400\" class=\"wpcf7-form-control wpcf7-email wpcf7-validates-as-required wpcf7-text wpcf7-validates-as-email\" aria-required=\"true\" aria-invalid=\"false\" placeholder=\"E-mail...\" value=\"\" type=\"email\" name=\"email\" \/><\/span><\/div><div class=\"input\"><span class=\"wpcf7-form-control-wrap\" data-name=\"atuacao\"><select class=\"wpcf7-form-control wpcf7-select wpcf7-validates-as-required atuacao\" aria-required=\"true\" aria-invalid=\"false\" name=\"atuacao\"><option value=\"\">&#8212;Escolha uma op\u00e7\u00e3o&#8212;<\/option><option value=\"Oftalmologista\">Oftalmologista<\/option><option value=\"Neurologia\">Neurologia<\/option><option value=\"Cardiologia\">Cardiologia<\/option><option value=\"Endocrinologia\">Endocrinologia<\/option><option value=\"Medicina Geral\">Medicina Geral<\/option><option value=\"Medicina da Fam\u00edlia\">Medicina da Fam\u00edlia<\/option><option value=\"Outro\">Outro<\/option><\/select><\/span><\/div><div class=\"input\"><span class=\"wpcf7-form-control-wrap\" data-name=\"atuacao_outro\"><input size=\"40\" maxlength=\"400\" class=\"wpcf7-form-control wpcf7-text wpcf7-validates-as-required hidden\" aria-required=\"true\" aria-invalid=\"false\" placeholder=\"Qual \u00e1rea?\" value=\"\" type=\"text\" name=\"atuacao_outro\" \/><\/span><\/div><div class=\"input\"><span class=\"wpcf7-form-control-wrap\" data-name=\"tel\"><input size=\"40\" maxlength=\"400\" class=\"wpcf7-form-control wpcf7-tel wpcf7-validates-as-required wpcf7-text wpcf7-validates-as-tel\" aria-required=\"true\" aria-invalid=\"false\" placeholder=\"Telefone...\" value=\"\" type=\"tel\" name=\"tel\" \/><\/span><\/div><div class=\"input\"><span class=\"wpcf7-form-control-wrap\" data-name=\"mensagem\"><textarea cols=\"40\" rows=\"10\" maxlength=\"2000\" class=\"wpcf7-form-control wpcf7-textarea\" aria-invalid=\"false\" placeholder=\"Mensagem...\" name=\"mensagem\"><\/textarea><\/span><\/div><\/div><div class=\"politics\">Ao clicar em <b>Solicitar<\/b>, concordo com a <a href=\"https:\/\/phelcom.com\/pt-br\/lgpd\/\" target=\"_blank\">Pol\u00edtica de Privacidade e os Termos de Uso<\/a>, permito que a Phelcom me contate e reconhe\u00e7o que o Eyer \u00e9 um dispositivo m\u00e9dico (Anvisa classe II) exigindo a supervis\u00e3o de um profissional com CRM para uso e interpreta\u00e7\u00e3o das imagens.<\/div><div class=\"enviar\"><input class=\"wpcf7-form-control wpcf7-submit has-spinner\" type=\"submit\" value=\"Enviar\" \/><\/div><input class=\"wpcf7-form-control wpcf7-hidden\" value=\"\" type=\"hidden\" name=\"utm_source\" \/><input class=\"wpcf7-form-control wpcf7-hidden\" value=\"\" type=\"hidden\" name=\"utm_medium\" \/><input class=\"wpcf7-form-control wpcf7-hidden\" value=\"\" type=\"hidden\" name=\"utm_campaign\" \/><input class=\"wpcf7-form-control wpcf7-hidden\" value=\"\" type=\"hidden\" name=\"utm_term\" \/><input class=\"wpcf7-form-control wpcf7-hidden\" value=\"\" type=\"hidden\" name=\"utm_content\" \/><input class=\"wpcf7-form-control wpcf7-hidden\" value=\"\" type=\"hidden\" name=\"ga_id\" \/><input class=\"wpcf7-form-control wpcf7-hidden\" value=\"\" type=\"hidden\" name=\"gclid\" \/><input class=\"wpcf7-form-control wpcf7-hidden\" value=\"\" type=\"hidden\" name=\"fbclid\" \/><input class=\"wpcf7-form-control wpcf7-hidden\" value=\"\" type=\"hidden\" name=\"wbraid\" \/><input class=\"wpcf7-form-control wpcf7-hidden\" value=\"\" type=\"hidden\" name=\"clarify_user\" \/><input class=\"wpcf7-form-control wpcf7-hidden\" value=\"\" type=\"hidden\" name=\"extra\" \/><input class=\"wpcf7-form-control wpcf7-hidden\" value=\"\" type=\"hidden\" name=\"product\" \/><input class=\"wpcf7-form-control wpcf7-hidden\" value=\"\" type=\"hidden\" name=\"parameters\" \/><div class=\"wpcf7-response-output\" aria-hidden=\"true\"><\/div>\n<\/form>\n<\/div>\n<\/p>\n","protected":false},"author":1,"featured_media":0,"parent":0,"menu_order":0,"comment_status":"closed","ping_status":"closed","template":"","meta":{"_acf_changed":false,"_et_pb_use_builder":"on","_et_pb_old_content":"","_et_gb_content_width":"","footnotes":""},"class_list":["post-19016","page","type-page","status-publish","hentry"],"acf":[],"yoast_head":"<!-- This site is optimized with the Yoast SEO plugin v27.5 - https:\/\/yoast.com\/product\/yoast-seo-wordpress\/ -->\n<title>Falar com um especialista - PHELCOM Technologies<\/title>\n<meta name=\"robots\" content=\"index, follow, max-snippet:-1, max-image-preview:large, max-video-preview:-1\" \/>\n<link rel=\"canonical\" href=\"https:\/\/phelcom.com\/pt-br\/falar-com-um-especialista\/\" \/>\n<meta property=\"og:locale\" content=\"pt_BR\" \/>\n<meta property=\"og:type\" content=\"article\" \/>\n<meta property=\"og:title\" content=\"Falar com um especialista - PHELCOM Technologies\" \/>\n<meta property=\"og:description\" content=\"Fale com umEspecialistaPreencha o formul\u00e1rio abaixo que o nosso time de especialistas entrar\u00e1 em contato o mais breve poss\u00edvel.\" \/>\n<meta property=\"og:url\" content=\"https:\/\/phelcom.com\/pt-br\/falar-com-um-especialista\/\" \/>\n<meta property=\"og:site_name\" content=\"PHELCOM Technologies\" \/>\n<meta property=\"article:publisher\" content=\"https:\/\/www.facebook.com\/phelcom\/\" \/>\n<meta property=\"article:modified_time\" content=\"2025-05-19T14:02:05+00:00\" \/>\n<meta property=\"og:image\" content=\"https:\/\/phelcom.com\/wp-content\/uploads\/2025\/03\/img_fundo_orcamento_site_encaixe-1.jpg\" \/>\n\t<meta property=\"og:image:width\" content=\"1365\" \/>\n\t<meta property=\"og:image:height\" content=\"1840\" \/>\n\t<meta property=\"og:image:type\" content=\"image\/jpeg\" \/>\n<meta name=\"twitter:card\" content=\"summary_large_image\" \/>\n<script type=\"application\/ld+json\" class=\"yoast-schema-graph\">{\"@context\":\"https:\\\/\\\/schema.org\",\"@graph\":[{\"@type\":\"WebPage\",\"@id\":\"https:\\\/\\\/phelcom.com\\\/pt-br\\\/falar-com-um-especialista\\\/\",\"url\":\"https:\\\/\\\/phelcom.com\\\/pt-br\\\/falar-com-um-especialista\\\/\",\"name\":\"Falar com um especialista - PHELCOM Technologies\",\"isPartOf\":{\"@id\":\"https:\\\/\\\/phelcom.com\\\/pt-br\\\/en\\\/#website\"},\"datePublished\":\"2023-01-10T13:19:20+00:00\",\"dateModified\":\"2025-05-19T14:02:05+00:00\",\"breadcrumb\":{\"@id\":\"https:\\\/\\\/phelcom.com\\\/pt-br\\\/falar-com-um-especialista\\\/#breadcrumb\"},\"inLanguage\":\"pt-BR\",\"potentialAction\":[{\"@type\":\"ReadAction\",\"target\":[\"https:\\\/\\\/phelcom.com\\\/pt-br\\\/falar-com-um-especialista\\\/\"]}]},{\"@type\":\"BreadcrumbList\",\"@id\":\"https:\\\/\\\/phelcom.com\\\/pt-br\\\/falar-com-um-especialista\\\/#breadcrumb\",\"itemListElement\":[{\"@type\":\"ListItem\",\"position\":1,\"name\":\"In\u00edcio\",\"item\":\"https:\\\/\\\/phelcom.com\\\/pt-br\\\/\"},{\"@type\":\"ListItem\",\"position\":2,\"name\":\"Falar com um especialista\"}]},{\"@type\":\"WebSite\",\"@id\":\"https:\\\/\\\/phelcom.com\\\/pt-br\\\/en\\\/#website\",\"url\":\"https:\\\/\\\/phelcom.com\\\/pt-br\\\/en\\\/\",\"name\":\"PHELCOM Technologies\",\"description\":\"\",\"publisher\":{\"@id\":\"https:\\\/\\\/phelcom.com\\\/pt-br\\\/en\\\/#organization\"},\"potentialAction\":[{\"@type\":\"SearchAction\",\"target\":{\"@type\":\"EntryPoint\",\"urlTemplate\":\"https:\\\/\\\/phelcom.com\\\/pt-br\\\/en\\\/?s={search_term_string}\"},\"query-input\":{\"@type\":\"PropertyValueSpecification\",\"valueRequired\":true,\"valueName\":\"search_term_string\"}}],\"inLanguage\":\"pt-BR\"},{\"@type\":\"Organization\",\"@id\":\"https:\\\/\\\/phelcom.com\\\/pt-br\\\/en\\\/#organization\",\"name\":\"Phelcom\",\"url\":\"https:\\\/\\\/phelcom.com\\\/pt-br\\\/en\\\/\",\"logo\":{\"@type\":\"ImageObject\",\"inLanguage\":\"pt-BR\",\"@id\":\"https:\\\/\\\/phelcom.com\\\/pt-br\\\/en\\\/#\\\/schema\\\/logo\\\/image\\\/\",\"url\":\"https:\\\/\\\/phelcom.com\\\/wp-content\\\/uploads\\\/2018\\\/07\\\/color_horizontal.png\",\"contentUrl\":\"https:\\\/\\\/phelcom.com\\\/wp-content\\\/uploads\\\/2018\\\/07\\\/color_horizontal.png\",\"width\":245,\"height\":40,\"caption\":\"Phelcom\"},\"image\":{\"@id\":\"https:\\\/\\\/phelcom.com\\\/pt-br\\\/en\\\/#\\\/schema\\\/logo\\\/image\\\/\"},\"sameAs\":[\"https:\\\/\\\/www.facebook.com\\\/phelcom\\\/\",\"https:\\\/\\\/www.linkedin.com\\\/company\\\/phelcom-technologies\",\"https:\\\/\\\/www.youtube.com\\\/channel\\\/UCSZCLEV9ZrbGBie0R0IxQpA\"]}]}<\/script>\n<!-- \/ Yoast SEO plugin. -->","yoast_head_json":{"title":"Falar com um especialista - PHELCOM Technologies","robots":{"index":"index","follow":"follow","max-snippet":"max-snippet:-1","max-image-preview":"max-image-preview:large","max-video-preview":"max-video-preview:-1"},"canonical":"https:\/\/phelcom.com\/pt-br\/falar-com-um-especialista\/","og_locale":"pt_BR","og_type":"article","og_title":"Falar com um especialista - PHELCOM Technologies","og_description":"Fale com umEspecialistaPreencha o formul\u00e1rio abaixo que o nosso time de especialistas entrar\u00e1 em contato o mais breve poss\u00edvel.","og_url":"https:\/\/phelcom.com\/pt-br\/falar-com-um-especialista\/","og_site_name":"PHELCOM Technologies","article_publisher":"https:\/\/www.facebook.com\/phelcom\/","article_modified_time":"2025-05-19T14:02:05+00:00","og_image":[{"width":1365,"height":1840,"url":"https:\/\/phelcom.com\/wp-content\/uploads\/2025\/03\/img_fundo_orcamento_site_encaixe-1.jpg","type":"image\/jpeg"}],"twitter_card":"summary_large_image","schema":{"@context":"https:\/\/schema.org","@graph":[{"@type":"WebPage","@id":"https:\/\/phelcom.com\/pt-br\/falar-com-um-especialista\/","url":"https:\/\/phelcom.com\/pt-br\/falar-com-um-especialista\/","name":"Falar com um especialista - PHELCOM Technologies","isPartOf":{"@id":"https:\/\/phelcom.com\/pt-br\/en\/#website"},"datePublished":"2023-01-10T13:19:20+00:00","dateModified":"2025-05-19T14:02:05+00:00","breadcrumb":{"@id":"https:\/\/phelcom.com\/pt-br\/falar-com-um-especialista\/#breadcrumb"},"inLanguage":"pt-BR","potentialAction":[{"@type":"ReadAction","target":["https:\/\/phelcom.com\/pt-br\/falar-com-um-especialista\/"]}]},{"@type":"BreadcrumbList","@id":"https:\/\/phelcom.com\/pt-br\/falar-com-um-especialista\/#breadcrumb","itemListElement":[{"@type":"ListItem","position":1,"name":"In\u00edcio","item":"https:\/\/phelcom.com\/pt-br\/"},{"@type":"ListItem","position":2,"name":"Falar com um especialista"}]},{"@type":"WebSite","@id":"https:\/\/phelcom.com\/pt-br\/en\/#website","url":"https:\/\/phelcom.com\/pt-br\/en\/","name":"PHELCOM Technologies","description":"","publisher":{"@id":"https:\/\/phelcom.com\/pt-br\/en\/#organization"},"potentialAction":[{"@type":"SearchAction","target":{"@type":"EntryPoint","urlTemplate":"https:\/\/phelcom.com\/pt-br\/en\/?s={search_term_string}"},"query-input":{"@type":"PropertyValueSpecification","valueRequired":true,"valueName":"search_term_string"}}],"inLanguage":"pt-BR"},{"@type":"Organization","@id":"https:\/\/phelcom.com\/pt-br\/en\/#organization","name":"Phelcom","url":"https:\/\/phelcom.com\/pt-br\/en\/","logo":{"@type":"ImageObject","inLanguage":"pt-BR","@id":"https:\/\/phelcom.com\/pt-br\/en\/#\/schema\/logo\/image\/","url":"https:\/\/phelcom.com\/wp-content\/uploads\/2018\/07\/color_horizontal.png","contentUrl":"https:\/\/phelcom.com\/wp-content\/uploads\/2018\/07\/color_horizontal.png","width":245,"height":40,"caption":"Phelcom"},"image":{"@id":"https:\/\/phelcom.com\/pt-br\/en\/#\/schema\/logo\/image\/"},"sameAs":["https:\/\/www.facebook.com\/phelcom\/","https:\/\/www.linkedin.com\/company\/phelcom-technologies","https:\/\/www.youtube.com\/channel\/UCSZCLEV9ZrbGBie0R0IxQpA"]}]}},"_links":{"self":[{"href":"https:\/\/phelcom.com\/pt-br\/wp-json\/wp\/v2\/pages\/19016","targetHints":{"allow":["GET"]}}],"collection":[{"href":"https:\/\/phelcom.com\/pt-br\/wp-json\/wp\/v2\/pages"}],"about":[{"href":"https:\/\/phelcom.com\/pt-br\/wp-json\/wp\/v2\/types\/page"}],"author":[{"embeddable":true,"href":"https:\/\/phelcom.com\/pt-br\/wp-json\/wp\/v2\/users\/1"}],"replies":[{"embeddable":true,"href":"https:\/\/phelcom.com\/pt-br\/wp-json\/wp\/v2\/comments?post=19016"}],"version-history":[{"count":5,"href":"https:\/\/phelcom.com\/pt-br\/wp-json\/wp\/v2\/pages\/19016\/revisions"}],"predecessor-version":[{"id":42377,"href":"https:\/\/phelcom.com\/pt-br\/wp-json\/wp\/v2\/pages\/19016\/revisions\/42377"}],"wp:attachment":[{"href":"https:\/\/phelcom.com\/pt-br\/wp-json\/wp\/v2\/media?parent=19016"}],"curies":[{"name":"wp","href":"https:\/\/api.w.org\/{rel}","templated":true}]}}